{"id":1653,"date":"2020-01-15T11:44:31","date_gmt":"2020-01-15T10:44:31","guid":{"rendered":"https:\/\/hotel-atlantic.clienti7.editatest.com\/business?page_id=1653"},"modified":"2020-01-27T15:37:27","modified_gmt":"2020-01-27T14:37:27","slug":"sala-andromeda","status":"publish","type":"page","link":"https:\/\/hotel-atlantic.clienti7.editatest.com\/business\/sala-andromeda.html","title":{"rendered":"SALA ANDROMEDA"},"content":{"rendered":"<hr \/>\n<p class=\"lead\" class=\"lead\">Andromeda \u00e8 la nuovissima sala principale del centro congressi Atlantic.<\/p>\n<p>L'ambiente \u00e8 molto elegante e luminoso, e pu\u00f2 ospitare varie configurazioni di allestimento.<\/p>\n<p>La sala \u00e8 stata progettata in modo da poter essere sfruttata in senso longitudinale, con un maxi schermo di proiezione centrale, oppure in modo panoramico: in quest'ultimo caso sono ben 4 gli schermi a disposizione.<\/p>\n<p>&nbsp;<\/p>\n","protected":false},"excerpt":{"rendered":"<p>Andromeda \u00e8 la nuovissima sala principale del centro congressi Atlantic. L'ambiente \u00e8 molto elegante e luminoso, e pu\u00f2 ospitare varie configurazioni di allestimento. La sala \u00e8 stata progettata in modo da poter essere sfruttata in senso longitudinale, con un maxi schermo di proiezione centrale, oppure in modo panoramico: in quest'ultimo caso sono ben 4 gli...  <a href=\"https:\/\/hotel-atlantic.clienti7.editatest.com\/business\/sala-andromeda.html\" class=\"more-link\" title=\"Read SALA ANDROMEDA\">Read more &raquo;<\/a><\/p>\n","protected":false},"author":2,"featured_media":1654,"parent":0,"menu_order":0,"comment_status":"closed","ping_status":"closed","template":"","meta":[],"yoast_head":"<!-- This site is optimized with the Yoast SEO plugin v14.6.1 - https:\/\/yoast.com\/wordpress\/plugins\/seo\/ -->\n<title>SALA ANDROMEDA - Atlantic Business<\/title>\n<meta name=\"description\" content=\"La nuova sala congressi Adromeda: Moderna, Luminosa, funzionale: perfetta per riunioni e meeting fino a 200 posti\" \/>\n<meta name=\"robots\" content=\"noindex, follow\" \/>\n<meta property=\"og:locale\" content=\"it_IT\" \/>\n<meta property=\"og:type\" content=\"article\" \/>\n<meta property=\"og:title\" content=\"SALA ANDROMEDA - Atlantic Business\" \/>\n<meta property=\"og:description\" content=\"La nuova sala congressi Adromeda: Moderna, Luminosa, funzionale: perfetta per riunioni e meeting fino a 200 posti\" \/>\n<meta property=\"og:url\" content=\"https:\/\/hotel-atlantic.clienti7.editatest.com\/business\/sala-andromeda.html\" \/>\n<meta property=\"og:site_name\" content=\"Atlantic Business\" \/>\n<meta property=\"article:modified_time\" content=\"2020-01-27T14:37:27+00:00\" \/>\n<meta property=\"og:image\" content=\"https:\/\/hotel-atlantic.clienti7.editatest.com\/business\/wp-content\/uploads\/2019\/10\/andromeda_platea_180_hd_DSC8167-WHITE-e1571833410707.jpg\" \/>\n\t<meta property=\"og:image:width\" content=\"1857\" \/>\n\t<meta property=\"og:image:height\" content=\"1228\" \/>\n<script type=\"application\/ld+json\" class=\"yoast-schema-graph\">{\"@context\":\"https:\/\/schema.org\",\"@graph\":[{\"@type\":\"WebSite\",\"@id\":\"https:\/\/hotel-atlantic.clienti7.editatest.com\/business\/#website\",\"url\":\"https:\/\/hotel-atlantic.clienti7.editatest.com\/business\/\",\"name\":\"Atlantic Business\",\"description\":\"Un nuovo sito targato WordPress\",\"potentialAction\":[{\"@type\":\"SearchAction\",\"target\":\"https:\/\/hotel-atlantic.clienti7.editatest.com\/business\/?s={search_term_string}\",\"query-input\":\"required name=search_term_string\"}],\"inLanguage\":\"it-IT\"},{\"@type\":\"ImageObject\",\"@id\":\"https:\/\/hotel-atlantic.clienti7.editatest.com\/business\/sala-andromeda.html#primaryimage\",\"inLanguage\":\"it-IT\",\"url\":\"https:\/\/hotel-atlantic.clienti7.editatest.com\/business\/wp-content\/uploads\/2019\/10\/andromeda_platea_180_hd_DSC8167-WHITE-e1571833410707.jpg\",\"width\":1857,\"height\":1228},{\"@type\":\"WebPage\",\"@id\":\"https:\/\/hotel-atlantic.clienti7.editatest.com\/business\/sala-andromeda.html#webpage\",\"url\":\"https:\/\/hotel-atlantic.clienti7.editatest.com\/business\/sala-andromeda.html\",\"name\":\"SALA ANDROMEDA - Atlantic Business\",\"isPartOf\":{\"@id\":\"https:\/\/hotel-atlantic.clienti7.editatest.com\/business\/#website\"},\"primaryImageOfPage\":{\"@id\":\"https:\/\/hotel-atlantic.clienti7.editatest.com\/business\/sala-andromeda.html#primaryimage\"},\"datePublished\":\"2020-01-15T10:44:31+00:00\",\"dateModified\":\"2020-01-27T14:37:27+00:00\",\"description\":\"La nuova sala congressi Adromeda: Moderna, Luminosa, funzionale: perfetta per riunioni e meeting fino a 200 posti\",\"inLanguage\":\"it-IT\",\"potentialAction\":[{\"@type\":\"ReadAction\",\"target\":[\"https:\/\/hotel-atlantic.clienti7.editatest.com\/business\/sala-andromeda.html\"]}]}]}<\/script>\n<!-- \/ Yoast SEO plugin. -->","_links":{"self":[{"href":"https:\/\/hotel-atlantic.clienti7.editatest.com\/business\/wp-json\/wp\/v2\/pages\/1653"}],"collection":[{"href":"https:\/\/hotel-atlantic.clienti7.editatest.com\/business\/wp-json\/wp\/v2\/pages"}],"about":[{"href":"https:\/\/hotel-atlantic.clienti7.editatest.com\/business\/wp-json\/wp\/v2\/types\/page"}],"author":[{"embeddable":true,"href":"https:\/\/hotel-atlantic.clienti7.editatest.com\/business\/wp-json\/wp\/v2\/users\/2"}],"replies":[{"embeddable":true,"href":"https:\/\/hotel-atlantic.clienti7.editatest.com\/business\/wp-json\/wp\/v2\/comments?post=1653"}],"version-history":[{"count":31,"href":"https:\/\/hotel-atlantic.clienti7.editatest.com\/business\/wp-json\/wp\/v2\/pages\/1653\/revisions"}],"predecessor-version":[{"id":1738,"href":"https:\/\/hotel-atlantic.clienti7.editatest.com\/business\/wp-json\/wp\/v2\/pages\/1653\/revisions\/1738"}],"wp:featuredmedia":[{"embeddable":true,"href":"https:\/\/hotel-atlantic.clienti7.editatest.com\/business\/wp-json\/wp\/v2\/media\/1654"}],"wp:attachment":[{"href":"https:\/\/hotel-atlantic.clienti7.editatest.com\/business\/wp-json\/wp\/v2\/media?parent=1653"}],"curies":[{"name":"wp","href":"https:\/\/api.w.org\/{rel}","templated":true}]}}