{"id":428,"date":"2015-08-27T18:29:39","date_gmt":"2015-08-27T16:29:39","guid":{"rendered":"https:\/\/hotel-atlantic.clienti7.editatest.com\/business\/?page_id=428"},"modified":"2019-01-28T09:40:54","modified_gmt":"2019-01-28T08:40:54","slug":"buon-gusto-per-eventi-da-gourmet","status":"publish","type":"page","link":"https:\/\/hotel-atlantic.clienti7.editatest.com\/business\/atlantic-riccione\/buon-gusto-per-eventi-da-gourmet.html","title":{"rendered":"Buon Gusto al Green: eventi da Gourmet"},"content":{"rendered":"<h3 class=\"stile1\"><strong>Il Green \u00e8 il valore aggiunto per i Suoi incontri: cucina eccellente e servizio impeccabile<\/strong><\/h3>\n<p class=\"lead\" class=\"lead\">&nbsp;<\/p>\n<p>All'Atlantic la buona cucina \u00e8 importante quanto la perfetta predisposizione delle sale meeting o la migliore ospitalit\u00e0 nelle nostre camere o junior suites.<\/p>\n<p>Il nostro ristorante \u00e8 il Green: tra i migliori della Riviera, offre una cucina eccellente e in sintonia con il programma del Suo evento.<\/p>\n<p class=\"stile1\">Molti dei nostri Ospiti scelgono l'Atlantic anche per questo: perch\u00e9 il successo di un meeting dipende anche dalla buona tavola.<\/p>\n<p class=\"stile1\">\n","protected":false},"excerpt":{"rendered":"<p>Il Green \u00e8 il valore aggiunto per i Suoi incontri: cucina eccellente e servizio impeccabile &nbsp; All'Atlantic la buona cucina \u00e8 importante quanto la perfetta predisposizione delle sale meeting o la migliore ospitalit\u00e0 nelle nostre camere o junior suites. Il nostro ristorante \u00e8 il Green: tra i migliori della Riviera, offre una cucina eccellente e...  <a href=\"https:\/\/hotel-atlantic.clienti7.editatest.com\/business\/atlantic-riccione\/buon-gusto-per-eventi-da-gourmet.html\" class=\"more-link\" title=\"Read Buon Gusto al Green: eventi da Gourmet\">Read more &raquo;<\/a><\/p>\n","protected":false},"author":2,"featured_media":635,"parent":2,"menu_order":0,"comment_status":"closed","ping_status":"closed","template":"page-mv-builder.php","meta":[],"yoast_head":"<!-- This site is optimized with the Yoast SEO plugin v14.6.1 - https:\/\/yoast.com\/wordpress\/plugins\/seo\/ -->\n<title>Buon Gusto al Green: eventi da Gourmet - Atlantic Business<\/title>\n<meta name=\"robots\" content=\"noindex, follow\" \/>\n<meta property=\"og:locale\" content=\"it_IT\" \/>\n<meta property=\"og:type\" content=\"article\" \/>\n<meta property=\"og:title\" content=\"Buon Gusto al Green: eventi da Gourmet - Atlantic Business\" \/>\n<meta property=\"og:description\" content=\"Il Green \u00e8 il valore aggiunto per i Suoi incontri: cucina eccellente e servizio impeccabile &nbsp; All&#039;Atlantic la buona cucina \u00e8 importante quanto la perfetta predisposizione delle sale meeting o la migliore ospitalit\u00e0 nelle nostre camere o junior suites. Il nostro ristorante \u00e8 il Green: tra i migliori della Riviera, offre una cucina eccellente e... Read more &raquo;\" \/>\n<meta property=\"og:url\" content=\"https:\/\/hotel-atlantic.clienti7.editatest.com\/business\/atlantic-riccione\/buon-gusto-per-eventi-da-gourmet.html\" \/>\n<meta property=\"og:site_name\" content=\"Atlantic Business\" \/>\n<meta property=\"article:modified_time\" content=\"2019-01-28T08:40:54+00:00\" \/>\n<meta property=\"og:image\" content=\"https:\/\/hotel-atlantic.clienti7.editatest.com\/business\/wp-content\/uploads\/2016\/01\/eventi_catering_corporate.jpg\" \/>\n\t<meta property=\"og:image:width\" content=\"1920\" \/>\n\t<meta property=\"og:image:height\" content=\"605\" \/>\n<script type=\"application\/ld+json\" class=\"yoast-schema-graph\">{\"@context\":\"https:\/\/schema.org\",\"@graph\":[{\"@type\":\"WebSite\",\"@id\":\"https:\/\/hotel-atlantic.clienti7.editatest.com\/business\/#website\",\"url\":\"https:\/\/hotel-atlantic.clienti7.editatest.com\/business\/\",\"name\":\"Atlantic Business\",\"description\":\"Un nuovo sito targato WordPress\",\"potentialAction\":[{\"@type\":\"SearchAction\",\"target\":\"https:\/\/hotel-atlantic.clienti7.editatest.com\/business\/?s={search_term_string}\",\"query-input\":\"required name=search_term_string\"}],\"inLanguage\":\"it-IT\"},{\"@type\":\"ImageObject\",\"@id\":\"https:\/\/hotel-atlantic.clienti7.editatest.com\/business\/atlantic-riccione\/buon-gusto-per-eventi-da-gourmet.html#primaryimage\",\"inLanguage\":\"it-IT\",\"url\":\"https:\/\/hotel-atlantic.clienti7.editatest.com\/business\/wp-content\/uploads\/2016\/01\/eventi_catering_corporate.jpg\",\"width\":1920,\"height\":605},{\"@type\":\"WebPage\",\"@id\":\"https:\/\/hotel-atlantic.clienti7.editatest.com\/business\/atlantic-riccione\/buon-gusto-per-eventi-da-gourmet.html#webpage\",\"url\":\"https:\/\/hotel-atlantic.clienti7.editatest.com\/business\/atlantic-riccione\/buon-gusto-per-eventi-da-gourmet.html\",\"name\":\"Buon Gusto al Green: eventi da Gourmet - Atlantic Business\",\"isPartOf\":{\"@id\":\"https:\/\/hotel-atlantic.clienti7.editatest.com\/business\/#website\"},\"primaryImageOfPage\":{\"@id\":\"https:\/\/hotel-atlantic.clienti7.editatest.com\/business\/atlantic-riccione\/buon-gusto-per-eventi-da-gourmet.html#primaryimage\"},\"datePublished\":\"2015-08-27T16:29:39+00:00\",\"dateModified\":\"2019-01-28T08:40:54+00:00\",\"inLanguage\":\"it-IT\",\"potentialAction\":[{\"@type\":\"ReadAction\",\"target\":[\"https:\/\/hotel-atlantic.clienti7.editatest.com\/business\/atlantic-riccione\/buon-gusto-per-eventi-da-gourmet.html\"]}]}]}<\/script>\n<!-- \/ Yoast SEO plugin. -->","_links":{"self":[{"href":"https:\/\/hotel-atlantic.clienti7.editatest.com\/business\/wp-json\/wp\/v2\/pages\/428"}],"collection":[{"href":"https:\/\/hotel-atlantic.clienti7.editatest.com\/business\/wp-json\/wp\/v2\/pages"}],"about":[{"href":"https:\/\/hotel-atlantic.clienti7.editatest.com\/business\/wp-json\/wp\/v2\/types\/page"}],"author":[{"embeddable":true,"href":"https:\/\/hotel-atlantic.clienti7.editatest.com\/business\/wp-json\/wp\/v2\/users\/2"}],"replies":[{"embeddable":true,"href":"https:\/\/hotel-atlantic.clienti7.editatest.com\/business\/wp-json\/wp\/v2\/comments?post=428"}],"version-history":[{"count":7,"href":"https:\/\/hotel-atlantic.clienti7.editatest.com\/business\/wp-json\/wp\/v2\/pages\/428\/revisions"}],"predecessor-version":[{"id":1019,"href":"https:\/\/hotel-atlantic.clienti7.editatest.com\/business\/wp-json\/wp\/v2\/pages\/428\/revisions\/1019"}],"up":[{"embeddable":true,"href":"https:\/\/hotel-atlantic.clienti7.editatest.com\/business\/wp-json\/wp\/v2\/pages\/2"}],"wp:featuredmedia":[{"embeddable":true,"href":"https:\/\/hotel-atlantic.clienti7.editatest.com\/business\/wp-json\/wp\/v2\/media\/635"}],"wp:attachment":[{"href":"https:\/\/hotel-atlantic.clienti7.editatest.com\/business\/wp-json\/wp\/v2\/media?parent=428"}],"curies":[{"name":"wp","href":"https:\/\/api.w.org\/{rel}","templated":true}]}}