
{"id":11006,"date":"2013-09-05T16:49:58","date_gmt":"2013-09-05T16:49:58","guid":{"rendered":"http:\/\/atlantic.marcovolpe.com\/?page_id=1146"},"modified":"2015-06-25T15:00:08","modified_gmt":"2015-06-25T13:00:08","slug":"philosophie-der-atlantic-kuche","status":"publish","type":"page","link":"https:\/\/hotel-atlantic.clienti7.editatest.com\/de\/restaurant\/philosophie-der-atlantic-kuche.html","title":{"rendered":"Philosophie der Atlantic-K\u00fcche"},"content":{"rendered":"<p class=\"lead\" class=\"lead\">Philosophie der Atlantic-K\u00fcche, Atlantic Hotel Riccione<\/p>\n<p>Authentische, biologische Gerichte, Kochen mit Leidenschaft und eine qualitativ hochwertige Speisekarte f\u00fcr alle, die gerne gut essen.<\/p>\n<p>Das Atlantic stellt hohe Anspr\u00fcche an Qualit\u00e4t: Angefangen von den typischen Zutaten \u00fcber die echtesten Rezepte und reichhaltige, aber authentische Men\u00fcs bis hin zu den Weinen.<\/p>\n<p>Sorgfalt bei allen Details, mit R\u00fccksicht auf die Natur und im Rhythmus der Jahreszeiten. Unsere K\u00fcche orientiert sich an einer ganzen Reihe wichtiger Werte:<\/p>\n<p><strong>Nat\u00fcrlichkeit<\/strong>\u00a0ist der Stil der Atlantic-K\u00fcche: Bei Zutaten, Rezepten und Men\u00fcs aus der Bio- K\u00fcche.<\/p>\n<p><strong>Regionaltypische Rezepte<\/strong>, um die Vorz\u00fcge von Gerichten mit Zutaten aus ihrem urspr\u00fcnglichen Herkunftsgebiet zu betonen.<\/p>\n<p><strong>Phantasie<\/strong>, um gesundes, nat\u00fcrliches Essen in ansprechenden, niemals banalen Formen, Farben und Verbindungen zu pr\u00e4sentieren.<\/p>\n<p><strong>Guter Geschmack<\/strong>: \u201eGut\", das sind im Atlantic Substanz, Form und der Spa\u00df am Essen.<\/p>\n<p><strong>Leichtigkeit<\/strong>, denn Qualit\u00e4tsk\u00fcche ist nie schwer, auch nicht ihre \u00fcppigsten, geschmacklich reichhaltigsten Men\u00fcs.<\/p>\n<p><strong>Biologische Produkte<\/strong>\u00a0f\u00fcr noch authentischere Geschmackserlebnisse, Anbau und Tierhaltung in Harmonie mit der Natur.<\/p>\n<p><strong>Vegetarische Gerichte<\/strong>\u00a0f\u00fcr alle, die Zunge und Gaumen am liebsten mit Vegetarischem verw\u00f6hnen, vom Aperitif bis zum Dessert.<\/p>\n<p><strong>Frische<\/strong>\u00a0bei jedem Gericht des Atlantic: Vom Fisch bis zum Fleisch, vom Gem\u00fcse bis zum Obst.<\/p>\n<p><strong>Gesundes Essen<\/strong>\u00a0auf dem Tisch ist die perfekte Erg\u00e4nzung zu einem Aufenthalt im Zeichen von Wellness und Entspannung im Atlantic Hotel.<\/p>\n<p><strong>Gerichte<\/strong>\u00a0<strong>ohne Gluten<\/strong>\u00a0f\u00fcr jeden Men\u00fcvorschlag, vom Fr\u00fchst\u00fcck bis zum Gala-Dinner, und immer kreativ zubereitet.<\/p>\n<p><strong>Bewusstes Essen<\/strong>\u00a0ist der Leitfaden f\u00fcr die Atlantic-K\u00fcche, um Ihnen immer Top-Angebote offerieren zu k\u00f6nnen.<\/p>\n<p><strong>Respekt der Tradition<\/strong>: Die K\u00fcche der Romagna ist die K\u00fcche eines reichen, gro\u00dfz\u00fcgigen Lands.<\/p>\n","protected":false},"excerpt":{"rendered":"<p>Philosophie der Atlantic-K\u00fcche, Atlantic Hotel Riccione Authentische, biologische Gerichte, Kochen mit Leidenschaft und eine qualitativ hochwertige Speisekarte f\u00fcr alle, die gerne gut essen. Das Atlantic stellt hohe Anspr\u00fcche an Qualit\u00e4t: Angefangen von den typischen Zutaten \u00fcber die echtesten Rezepte und reichhaltige, aber authentische Men\u00fcs bis hin zu den Weinen. Sorgfalt bei allen Details, mit R\u00fccksicht...  <a href=\"https:\/\/hotel-atlantic.clienti7.editatest.com\/de\/restaurant\/philosophie-der-atlantic-kuche.html\" class=\"more-link\" title=\"Read Philosophie der Atlantic-K\u00fcche\">Read more &raquo;<\/a><\/p>\n","protected":false},"author":4719,"featured_media":0,"parent":1138,"menu_order":0,"comment_status":"open","ping_status":"open","template":"","meta":{"_expiration-date-status":"saved","_expiration-date":0,"_expiration-date-type":"","_expiration-date-categories":[],"_expiration-date-options":[]},"acf":[],"_links":{"self":[{"href":"https:\/\/hotel-atlantic.clienti7.editatest.com\/de\/wp-json\/wp\/v2\/pages\/11006"}],"collection":[{"href":"https:\/\/hotel-atlantic.clienti7.editatest.com\/de\/wp-json\/wp\/v2\/pages"}],"about":[{"href":"https:\/\/hotel-atlantic.clienti7.editatest.com\/de\/wp-json\/wp\/v2\/types\/page"}],"author":[{"embeddable":true,"href":"https:\/\/hotel-atlantic.clienti7.editatest.com\/de\/wp-json\/wp\/v2\/users\/4719"}],"replies":[{"embeddable":true,"href":"https:\/\/hotel-atlantic.clienti7.editatest.com\/de\/wp-json\/wp\/v2\/comments?post=11006"}],"version-history":[{"count":0,"href":"https:\/\/hotel-atlantic.clienti7.editatest.com\/de\/wp-json\/wp\/v2\/pages\/11006\/revisions"}],"up":[{"embeddable":true,"href":"https:\/\/hotel-atlantic.clienti7.editatest.com\/de\/wp-json\/wp\/v2\/pages\/1138"}],"wp:attachment":[{"href":"https:\/\/hotel-atlantic.clienti7.editatest.com\/de\/wp-json\/wp\/v2\/media?parent=11006"}],"curies":[{"name":"wp","href":"https:\/\/api.w.org\/{rel}","templated":true}]}}