
{"id":11007,"date":"2013-09-05T16:54:54","date_gmt":"2013-09-05T16:54:54","guid":{"rendered":"http:\/\/atlantic.marcovolpe.com\/?page_id=1155"},"modified":"2016-08-25T21:53:42","modified_gmt":"2016-08-25T19:53:42","slug":"kuche","status":"publish","type":"page","link":"https:\/\/hotel-atlantic.clienti7.editatest.com\/de\/restaurant\/kuche.html","title":{"rendered":"K\u00fcche"},"content":{"rendered":"<h5>K\u00fcche, Green Restaurant, Atlantic Hotel Riccione<\/h5>\n<p class=\"lead\" class=\"lead\">&nbsp;<\/p>\n<h2>QUALIT\u00c4T UND ERFAHRUNG<\/h2>\n<p>Die K\u00fcche des\u00a0<strong>Green Restaurant\u00a0<\/strong>spiegelt in jeder Hinsicht die Werte des Hotels wieder. Tats\u00e4chlich wacht die Besitzerin des Hotels, Frau Anna Maria Assirelli Ricci, mit aufmerksamem Auge pers\u00f6nlich dar\u00fcber.<br \/>\nZusammen mit einem K\u00fcchenteam aus jungen aber bereits erfahrenen und hoch talentierten K\u00f6chen zeichnet der\u00a0<strong>K\u00fcchenchef Lucio Antonietti<\/strong>\u00a0seit \u00fcber 20 Jahren f\u00fcr die hochwertigen Speisen im Atlantic verantwortlich.<br \/>\nDank dieser erstklassigen Gerichte und der Professionalit\u00e4t unserer K<strong>\u00f6che ist ein Mittag- oder Abendessen im Atlantic ein \u00e4u\u00dferst angenehmes Erlebnis<\/strong>, das praktisch unvergesslich ist.<br \/>\nIm\u00a0<strong>Atlantic\u00a0<\/strong>finden Sie immer die besten Fischgerichte mit fangfrischem Fisch des Tages, aber nat\u00fcrlich auch die typischen Spezialit\u00e4ten der romagnolischen K\u00fcche und die schmackhaften Gerichte der gro\u00dfen mediterranen K\u00fcche. Das gilt sowohl f\u00fcr die\u00a0<strong>gro\u00dfen B\u00fcffets<\/strong>, f\u00fcr die unser Restaurant ber\u00fchmt ist, als auch f\u00fcr die ausgew\u00e4hlten Gerichte der Tagesmen\u00fcs oder der \u201eA-la-carte\u201d-Speisekarte.<\/p>\n","protected":false},"excerpt":{"rendered":"<p>K\u00fcche, Green Restaurant, Atlantic Hotel Riccione &nbsp; QUALIT\u00c4T UND ERFAHRUNG Die K\u00fcche des\u00a0Green Restaurant\u00a0spiegelt in jeder Hinsicht die Werte des Hotels wieder. Tats\u00e4chlich wacht die Besitzerin des Hotels, Frau Anna Maria Assirelli Ricci, mit aufmerksamem Auge pers\u00f6nlich dar\u00fcber. Zusammen mit einem K\u00fcchenteam aus jungen aber bereits erfahrenen und hoch talentierten K\u00f6chen zeichnet der\u00a0K\u00fcchenchef Lucio Antonietti\u00a0seit...  <a href=\"https:\/\/hotel-atlantic.clienti7.editatest.com\/de\/restaurant\/kuche.html\" class=\"more-link\" title=\"Read K\u00fcche\">Read more &raquo;<\/a><\/p>\n","protected":false},"author":4719,"featured_media":13487,"parent":1138,"menu_order":0,"comment_status":"open","ping_status":"open","template":"page-mv-builder-ristorante.php","meta":{"_expiration-date-status":"saved","_expiration-date":0,"_expiration-date-type":"","_expiration-date-categories":[],"_expiration-date-options":[]},"acf":[],"_links":{"self":[{"href":"https:\/\/hotel-atlantic.clienti7.editatest.com\/de\/wp-json\/wp\/v2\/pages\/11007"}],"collection":[{"href":"https:\/\/hotel-atlantic.clienti7.editatest.com\/de\/wp-json\/wp\/v2\/pages"}],"about":[{"href":"https:\/\/hotel-atlantic.clienti7.editatest.com\/de\/wp-json\/wp\/v2\/types\/page"}],"author":[{"embeddable":true,"href":"https:\/\/hotel-atlantic.clienti7.editatest.com\/de\/wp-json\/wp\/v2\/users\/4719"}],"replies":[{"embeddable":true,"href":"https:\/\/hotel-atlantic.clienti7.editatest.com\/de\/wp-json\/wp\/v2\/comments?post=11007"}],"version-history":[{"count":0,"href":"https:\/\/hotel-atlantic.clienti7.editatest.com\/de\/wp-json\/wp\/v2\/pages\/11007\/revisions"}],"up":[{"embeddable":true,"href":"https:\/\/hotel-atlantic.clienti7.editatest.com\/de\/wp-json\/wp\/v2\/pages\/1138"}],"wp:featuredmedia":[{"embeddable":true,"href":"https:\/\/hotel-atlantic.clienti7.editatest.com\/de\/wp-json\/wp\/v2\/media\/13487"}],"wp:attachment":[{"href":"https:\/\/hotel-atlantic.clienti7.editatest.com\/de\/wp-json\/wp\/v2\/media?parent=11007"}],"curies":[{"name":"wp","href":"https:\/\/api.w.org\/{rel}","templated":true}]}}