
{"id":11008,"date":"2023-01-05T16:59:37","date_gmt":"2023-01-05T15:59:37","guid":{"rendered":"http:\/\/atlantic.marcovolpe.com\/?page_id=1161"},"modified":"2023-02-03T20:08:14","modified_gmt":"2023-02-03T19:08:14","slug":"atlantjde","status":"publish","type":"page","link":"https:\/\/hotel-atlantic.clienti7.editatest.com\/de\/pool-und-wellness\/atlantjde.html","title":{"rendered":"Atlantjde Schwimmbad"},"content":{"rendered":"<h2>Atlantjde, Ihr Wellness-Zentrum in Riccione<\/h2>\n<p class=\"lead\" class=\"lead\"><strong>Atlantide<\/strong>\u00a0ist der gro\u00dfe Wellness- und Erholungsbereich f\u00fcr unsere G\u00e4ste, entstanden aus dem Wunsch, solch einen exklusiven Service wie den einzigen Meereswasser-Pool in Riccione und \u00fcberhaupt an der Riviera bieten zu k\u00f6nnen. Und das nicht nur in der warmen Jahreszeit, sondern\u00a0<strong>365 Tage im Jahr<\/strong>.<\/p>\n<p>Wir wollten nicht nur das Vergn\u00fcgen garantieren, an strahlenden Sommertagen in Riccione\u00a0<strong>in ein Meereswasser-Becken einzutauchen<\/strong>, wenn es wirklich herrlich ist, sich nach einer erfrischenden Runde im Wasser an die Sonne zu legen, sondern auch das Vergn\u00fcgen, das an kalten Winterabenden zu k\u00f6nnen - weshalb wir eine\u00a0<strong>moderne Konstruktion aus Kristallglas errichten lie\u00dfen<\/strong>. Ein weiteres Top-Angebot f\u00fcr alle, die das Atlantik w\u00e4hlen.<\/p>\n<p>&nbsp;<\/p>\n","protected":false},"excerpt":{"rendered":"<p>Atlantjde, Ihr Wellness-Zentrum in Riccione Atlantide\u00a0ist der gro\u00dfe Wellness- und Erholungsbereich f\u00fcr unsere G\u00e4ste, entstanden aus dem Wunsch, solch einen exklusiven Service wie den einzigen Meereswasser-Pool in Riccione und \u00fcberhaupt an der Riviera bieten zu k\u00f6nnen. Und das nicht nur in der warmen Jahreszeit, sondern\u00a0365 Tage im Jahr. Wir wollten nicht nur das Vergn\u00fcgen garantieren,...  <a href=\"https:\/\/hotel-atlantic.clienti7.editatest.com\/de\/pool-und-wellness\/atlantjde.html\" class=\"more-link\" title=\"Read Atlantjde Schwimmbad\">Read more &raquo;<\/a><\/p>\n","protected":false},"author":4719,"featured_media":23697,"parent":1159,"menu_order":0,"comment_status":"open","ping_status":"closed","template":"page-mv-builder.php","meta":{"_expiration-date-status":"saved","_expiration-date":0,"_expiration-date-type":"","_expiration-date-categories":[],"_expiration-date-options":[]},"acf":[],"_links":{"self":[{"href":"https:\/\/hotel-atlantic.clienti7.editatest.com\/de\/wp-json\/wp\/v2\/pages\/11008"}],"collection":[{"href":"https:\/\/hotel-atlantic.clienti7.editatest.com\/de\/wp-json\/wp\/v2\/pages"}],"about":[{"href":"https:\/\/hotel-atlantic.clienti7.editatest.com\/de\/wp-json\/wp\/v2\/types\/page"}],"author":[{"embeddable":true,"href":"https:\/\/hotel-atlantic.clienti7.editatest.com\/de\/wp-json\/wp\/v2\/users\/4719"}],"replies":[{"embeddable":true,"href":"https:\/\/hotel-atlantic.clienti7.editatest.com\/de\/wp-json\/wp\/v2\/comments?post=11008"}],"version-history":[{"count":1,"href":"https:\/\/hotel-atlantic.clienti7.editatest.com\/de\/wp-json\/wp\/v2\/pages\/11008\/revisions"}],"predecessor-version":[{"id":48837,"href":"https:\/\/hotel-atlantic.clienti7.editatest.com\/de\/wp-json\/wp\/v2\/pages\/11008\/revisions\/48837"}],"up":[{"embeddable":true,"href":"https:\/\/hotel-atlantic.clienti7.editatest.com\/de\/wp-json\/wp\/v2\/pages\/1159"}],"wp:featuredmedia":[{"embeddable":true,"href":"https:\/\/hotel-atlantic.clienti7.editatest.com\/de\/wp-json\/wp\/v2\/media\/23697"}],"wp:attachment":[{"href":"https:\/\/hotel-atlantic.clienti7.editatest.com\/de\/wp-json\/wp\/v2\/media?parent=11008"}],"curies":[{"name":"wp","href":"https:\/\/api.w.org\/{rel}","templated":true}]}}