
{"id":11010,"date":"2019-03-03T17:01:27","date_gmt":"2019-03-03T16:01:27","guid":{"rendered":"http:\/\/atlantic.marcovolpe.com\/?page_id=1165"},"modified":"2019-03-06T16:19:43","modified_gmt":"2019-03-06T15:19:43","slug":"meereswasser-hallenbad","status":"publish","type":"page","link":"https:\/\/hotel-atlantic.clienti7.editatest.com\/de\/pool-und-wellness\/meereswasser-hallenbad.html","title":{"rendered":"Meereswasser-Hallenbad"},"content":{"rendered":"<h2>Meereswasser-Hallenbad mit 30\u00b0 Wassertemperatur<\/h2>\n<p class=\"lead\" class=\"lead\"><span class=\"responsive-image\"><img loading=\"lazy\" width=\"1920\" height=\"1174\" class=\"alignnone size-full wp-image-24365\" src=\"https:\/\/hotel-atlantic.clienti7.editatest.com\/newwp\/wp-content\/uploads\/2018\/02\/piscina_coperta_atlantjde_full_hd_20180203_201600.jpg\" alt=\"\" srcset=\"https:\/\/hotel-atlantic.clienti7.editatest.com\/newwp\/wp-content\/uploads\/2018\/02\/piscina_coperta_atlantjde_full_hd_20180203_201600.jpg 1920w, https:\/\/hotel-atlantic.clienti7.editatest.com\/newwp\/wp-content\/uploads\/2018\/02\/piscina_coperta_atlantjde_full_hd_20180203_201600-768x470.jpg 768w, https:\/\/hotel-atlantic.clienti7.editatest.com\/newwp\/wp-content\/uploads\/2018\/02\/piscina_coperta_atlantjde_full_hd_20180203_201600-1000x611.jpg 1000w\" sizes=\"(max-width: 1920px) 100vw, 1920px\" \/><\/span><\/p>\n<p><strong>Beheiztes Meereswasser-Hallenbad<\/strong><br \/>\nAtlantjde fasst in einem einzigen, \u00fcberdachten und beheizten Bereich alle Atlantic- Angebote f\u00fcr Wellness und Relax, f\u00fcr Vergn\u00fcgen und Sport zusammen.<\/p>\n<p>Atlantjde geht auf den Hotelgarten und die Fu\u00dfg\u00e4ngerzone des Lungomare della Libert\u00e0 hinaus und steht nur den G\u00e4sten des Atlantic zur Verf\u00fcgung.<\/p>\n<p>Vervollst\u00e4ndigt wird der Bereich durch eine Fitness-Ecke mit Tecnogym-Ger\u00e4ten, die Sauna und die Suite Benessere Atlantic, in der Sie Kosmetikbehandlungen und entspannende Massagen buchen k\u00f6nnen.<\/p>\n","protected":false},"excerpt":{"rendered":"<p>Meereswasser-Hallenbad mit 30\u00b0 Wassertemperatur Beheiztes Meereswasser-Hallenbad Atlantjde fasst in einem einzigen, \u00fcberdachten und beheizten Bereich alle Atlantic- Angebote f\u00fcr Wellness und Relax, f\u00fcr Vergn\u00fcgen und Sport zusammen. Atlantjde geht auf den Hotelgarten und die Fu\u00dfg\u00e4ngerzone des Lungomare della Libert\u00e0 hinaus und steht nur den G\u00e4sten des Atlantic zur Verf\u00fcgung. Vervollst\u00e4ndigt wird der Bereich durch eine...  <a href=\"https:\/\/hotel-atlantic.clienti7.editatest.com\/de\/pool-und-wellness\/meereswasser-hallenbad.html\" class=\"more-link\" title=\"Read Meereswasser-Hallenbad\">Read more &raquo;<\/a><\/p>\n","protected":false},"author":7,"featured_media":24365,"parent":1159,"menu_order":0,"comment_status":"closed","ping_status":"closed","template":"page-mv-builder.php","meta":{"_expiration-date-status":"saved","_expiration-date":0,"_expiration-date-type":"","_expiration-date-categories":[],"_expiration-date-options":[]},"acf":[],"_links":{"self":[{"href":"https:\/\/hotel-atlantic.clienti7.editatest.com\/de\/wp-json\/wp\/v2\/pages\/11010"}],"collection":[{"href":"https:\/\/hotel-atlantic.clienti7.editatest.com\/de\/wp-json\/wp\/v2\/pages"}],"about":[{"href":"https:\/\/hotel-atlantic.clienti7.editatest.com\/de\/wp-json\/wp\/v2\/types\/page"}],"author":[{"embeddable":true,"href":"https:\/\/hotel-atlantic.clienti7.editatest.com\/de\/wp-json\/wp\/v2\/users\/7"}],"replies":[{"embeddable":true,"href":"https:\/\/hotel-atlantic.clienti7.editatest.com\/de\/wp-json\/wp\/v2\/comments?post=11010"}],"version-history":[{"count":0,"href":"https:\/\/hotel-atlantic.clienti7.editatest.com\/de\/wp-json\/wp\/v2\/pages\/11010\/revisions"}],"up":[{"embeddable":true,"href":"https:\/\/hotel-atlantic.clienti7.editatest.com\/de\/wp-json\/wp\/v2\/pages\/1159"}],"wp:featuredmedia":[{"embeddable":true,"href":"https:\/\/hotel-atlantic.clienti7.editatest.com\/de\/wp-json\/wp\/v2\/media\/24365"}],"wp:attachment":[{"href":"https:\/\/hotel-atlantic.clienti7.editatest.com\/de\/wp-json\/wp\/v2\/media?parent=11010"}],"curies":[{"name":"wp","href":"https:\/\/api.w.org\/{rel}","templated":true}]}}