
{"id":11012,"date":"2013-09-06T07:54:22","date_gmt":"2013-09-06T07:54:22","guid":{"rendered":"http:\/\/atlantic.marcovolpe.com\/?page_id=1194"},"modified":"2022-08-23T16:54:12","modified_gmt":"2022-08-23T14:54:12","slug":"tiefgarage","status":"publish","type":"page","link":"https:\/\/hotel-atlantic.clienti7.editatest.com\/de\/exzellente-lage\/tiefgarage.html","title":{"rendered":"Tiefgarage"},"content":{"rendered":"<p class=\"lead\" class=\"lead\">Tiefgarage, Atlantic Hotel Riccione<\/p>\n<p>So sieht Ihre\u00a0<strong>Ankunft in Riccione<\/strong>\u00a0aus: Das Hotel ist gebucht, es ist ein herrlicher Sonnentag und das Leben pulsiert in der Stadt mit ihren vielen Touristen, die aus ganz Italien und Europa hierher kommen, um die sympathische Gastfreundlichkeit der Adria zu genie\u00dfen.<\/p>\n<p>Alles w\u00e4re also in sch\u00f6nster Ordnung, wenn es f\u00fcr den neu Ankommenden nicht das Problem g\u00e4be,\u00a0<strong>einen Parkplatz f\u00fcr sein Auto zu finden<\/strong>.<\/p>\n<p>Denn vor allem von April bis September, an Wochenenden und bei gro\u00dfen Messen und Kongressen gestaltet sich die\u00a0<strong>Parkplatzsuche in Riccione wirklich sehr schwierig<\/strong>.<\/p>\n<p>Aus diesem Grund hat das\u00a0<strong>Hotel Atlantic<\/strong>\u00a0ein gro\u00df angelegtes Projekt gef\u00f6rdert und umgesetzt, aus dem das zukunftsweisende Parkhaus unter dem \u201eLungomare della Libert\u00e0\u201c vor dem Hotel hervorgegangen ist, und damit hat es auch zu einer v\u00f6llig neuen\u00a0<strong>Umweltqualit\u00e4t in Riccione beigetragen<\/strong>.<\/p>\n<p>Heute k\u00f6nnen sich unsere G\u00e4ste darauf verlassen, f\u00fcr jedes Hotelzimmer einen eigenen Autostellplatz in dem neuen\u00a0<strong>Parkhaus\u00a0<\/strong>mit direktem Zugang zum Hotel vorzufinden.<\/p>\n<p>Oben dann eine herrliche Promenade bis zur\u00a0<strong>\u201eViale Ceccarini\u201c<\/strong>: gro\u00dfe Brunnen, B\u00e4nke und andere Ausstattungselemente in modernem, elegantem Design erfreuen unseren Blick und mediterrane D\u00fcfte lassen beim Spaziergang entlang des Strandes richtig entspannen.<\/p>\n<p>Au\u00dferdem bietet die\u00a0<strong>neue Tiefgarage des Atlantic<\/strong>\u00a0auch eine top-aktuelle Sicherheitstechnik, von hochmodernen Brandschutzvorrichtungen bis zur fl\u00e4chendeckenden Rund-um-die-Uhr-\u00dcberwachung durch unser Personal.<\/p>\n<p>In der\u00a0<strong>Tiefgarage des Atlantik zu parken\u00a0<\/strong>bedeutet auch, dass Ihr Auto besser vor mutwilligen und versehentlichen Besch\u00e4digungen, die auf \u00f6ffentlichen Parkpl\u00e4tzen leider h\u00e4ufig vorkommen, gesch\u00fctzt ist, denn hier ist die Zufahrt ausschlie\u00dflich den Fahrzeugen unserer Kunden vorbehalten.<\/p>\n<p>Und schlie\u00dflich sind Privatautos in der\u00a0<strong>Tiefgarage des Atlantic<\/strong>\u00a0gegen Brand, Diebstahl und Besch\u00e4digungen versichert - eine zus\u00e4tzliche Garantie f\u00fcr Ihre Sicherheit, die an anderen Orten in Riccione und erst recht auf \u00f6ffentlichen Parkpl\u00e4tzen undenkbar ist.<\/p>\n<p><strong>Freiheit\u00a0<\/strong><br \/>\nEinen Stellplatz in der Tiefgarage des Atlantic zu reservieren bietet Ihnen die Gewissheit, rund um die Uhr jederzeit einen freien Platz zu finden und frei \u00fcber ihr Auto zu verf\u00fcgen. Sie k\u00f6nnen ankommen und wegfahren, wann immer es Ihnen beliebt: Ihr freier Stellplatz wird Sie bei Ihrer R\u00fcckkehr ins Hotel immer erwarten!<\/p>\n<p><strong>Komfort\u00a0<\/strong><br \/>\nDie Stellpl\u00e4tze der neuen Tiefgarage sind nur wenige Meter vom Atlantic entfernt: Von der Stra\u00dfe fahren Sie \u00fcber eine bequeme Zufahrtsrampe neben dem Hotel (Via Ariosto Ecke Via Milano) hinein. Nachdem Sie das Auto abgestellt haben, nimmt unser Personal Ihr Gep\u00e4ck entgegen und bringt es direkt auf ihr Zimmer.<\/p>\n<p>Von der\u00a0<strong>Tiefgarage\u00a0<\/strong>bringt Sie ein bequemer Fahrstuhl direkt nach oben zum \u201eLungomare della Libert\u00e0\u201c: Sie steigen genau vor dem Hoteleingang aus.<\/p>\n<p>Vergessen Sie langes Herumirren, Zubringerdienste und andere Hindernisse auf dem Weg zu Ihrem Wagen: Im Hotel Atlantic beginnt der Komfort, noch bevor Sie das Hotel \u00fcberhaupt betreten haben.<\/p>\n<p><strong>Anfrage, Reservierung und Preise der Atlantic-Tiefgarage<\/strong><br \/>\nWir empfehlen allen unseren Kunden, Ihren Autostellplatz in der Tiefgarage des Atlantic gleich bei Buchung des Zimmers reservieren zu lassen.<br \/>\nSie erhalten dann von unserer Rezeption die Nummer Ihres Stellplatzes, der Ihnen w\u00e4hrend des ganzen Aufenthalts zur Verf\u00fcgung steht.<br \/>\nDer Preis betr\u00e4gt \u20ac 28,00 pro Tag und ist damit moderat im Vergleich zu den \u00f6ffentlichen Parkgelegenheiten an den Stra\u00dfen von Riccione, die bei einem Stundentarif von 1,50 \u20ac etwa 24,00 \u20ac am Tag kosten und im Gegensatz zu den Vorteilen der Atlantic-Tiefgarage keinerlei Sicherheit bieten.<\/p>\n<h3>Die Vorteile<\/h3>\n<p>Ein kurzer Blick auf die Vergleichstabelle gen\u00fcgt, um die richtige Wahl zu treffen:<\/p>\n<div class=\"table-1\">\n<p>(blaue Parkstreifen auf den Stra\u00dfen)<\/p>\n<table style=\"width: 100%;\">\n<thead>\n<tr>\n<th><\/th>\n<th style=\"background-color: #ececff; text-align: center; background-position: initial initial; background-repeat: initial initial;\">Tiefgarage des Atlantic<\/th>\n<td style=\"text-align: center; background: #CCCCCC;\"><\/td>\n<\/tr>\n<\/thead>\n<tbody>\n<tr>\n<td>Video\u00fcberwachung<\/td>\n<td style=\"text-align: center;\"><span style=\"color: #0000ff;\"><strong>Ja<\/strong><\/span><\/td>\n<td style=\"text-align: center;\"><span style=\"color: #888888;\"><strong>Nein<\/strong><\/span><\/td>\n<\/tr>\n<tr>\n<td>Reservierung m\u00f6glich<\/td>\n<td style=\"text-align: center;\"><span style=\"color: #0000ff;\"><strong>Ja<\/strong><\/span><\/td>\n<td style=\"text-align: center;\"><span style=\"color: #888888;\"><strong>Nein<\/strong><\/span><\/td>\n<\/tr>\n<tr>\n<td style=\"text-align: left;\">Eigener Stellplatz<\/td>\n<td style=\"text-align: center;\"><span style=\"color: #0000ff;\"><strong>Ja<\/strong><\/span><\/td>\n<td style=\"text-align: center;\"><span style=\"color: #888888;\"><strong>Nein<\/strong><\/span><\/td>\n<\/tr>\n<tr>\n<td>Verf\u00fcgbarkeit rund um die Uhr<\/td>\n<td style=\"text-align: center;\"><span style=\"color: #0000ff;\"><strong>Ja<\/strong><\/span><\/td>\n<td style=\"text-align: center;\"><span style=\"color: #888888;\"><strong>Teilweise<\/strong><\/span><\/td>\n<\/tr>\n<tr>\n<td>\u00dcberdachter Parkplatz<\/td>\n<td style=\"text-align: center;\"><span style=\"color: #0000ff;\"><strong>Ja<\/strong><\/span><\/td>\n<td style=\"text-align: center;\"><span style=\"color: #888888;\"><strong>Nein<\/strong><\/span><\/td>\n<\/tr>\n<tr>\n<td>Zufahrt nur f\u00fcr autorisierte Nutzer<\/td>\n<td style=\"text-align: center;\"><span style=\"color: #0000ff;\"><strong>Ja<\/strong><\/span><\/td>\n<td style=\"text-align: center;\"><span style=\"color: #888888;\"><strong>Nein<\/strong><\/span><\/td>\n<\/tr>\n<tr>\n<td>Entfernung vom Hotel<\/td>\n<td style=\"text-align: center;\"><span style=\"color: #0000ff;\"><strong>10 Meter<\/strong><\/span><\/td>\n<td style=\"text-align: center;\"><span style=\"color: #888888;\"><strong>50 bis 500 Meter<\/strong><\/span><\/td>\n<\/tr>\n<tr>\n<td>Gep\u00e4cktr\u00e4ger<\/td>\n<td style=\"text-align: center;\"><span style=\"color: #0000ff;\"><strong>Ja<\/strong><\/span><\/td>\n<td style=\"text-align: center;\"><span style=\"color: #888888;\"><strong>Nein<\/strong><\/span><\/td>\n<\/tr>\n<tr>\n<td>Schadensversicherung<\/td>\n<td style=\"text-align: center;\"><span style=\"color: #0000ff;\"><strong>Ja<\/strong><\/span><\/td>\n<td style=\"text-align: center;\"><span style=\"color: #888888;\"><strong>Nein<\/strong><\/span><\/td>\n<\/tr>\n<tr valign=\"TOP\">\n<td width=\"33%\">Brandschutzversicherung<\/td>\n<td style=\"text-align: center;\"><span style=\"color: #0000ff;\"><strong>Ja<\/strong><\/span><\/td>\n<td style=\"text-align: center;\"><span style=\"color: #888888;\"><strong>Nein<\/strong><\/span><\/td>\n<\/tr>\n<tr>\n<td>Tagestarif (24 Std.)<\/td>\n<td style=\"text-align: center;\"><span style=\"color: #0000ff;\"><strong>\u20ac 28.00<\/strong><\/span><\/td>\n<td style=\"text-align: center;\"><span style=\"color: #888888;\"><strong>mehr als \u20ac 24,00<\/strong><\/span><\/td>\n<\/tr>\n<tr>\n<td>Abrechnung \u00fcber das Zimmer<\/td>\n<td style=\"text-align: center;\"><span style=\"color: #0000ff;\"><strong>Ja<\/strong><\/span><\/td>\n<td style=\"text-align: center;\"><span style=\"color: #888888;\"><strong>Nein<\/strong><\/span><\/td>\n<\/tr>\n<\/tbody>\n<\/table>\n<\/div>\n<p><strong>So buchen Sie Ihren Stellplatz in der Tiefgarage des Hotel Atlantic<\/strong>.<\/p>\n<p>kontaktieren Sie uns einfach,<strong>\u00a0<strong>per E-Mail an: info@hotel-atlantic.com<\/strong><\/strong><\/p>\n<p>Oder telefonisch unter der Nummer<strong>\u00a0<strong>+39 0541 178 08 01<\/strong>.<\/strong><\/p>\n","protected":false},"excerpt":{"rendered":"<p>Tiefgarage, Atlantic Hotel Riccione So sieht Ihre\u00a0Ankunft in Riccione\u00a0aus: Das Hotel ist gebucht, es ist ein herrlicher Sonnentag und das Leben pulsiert in der Stadt mit ihren vielen Touristen, die aus ganz Italien und Europa hierher kommen, um die sympathische Gastfreundlichkeit der Adria zu genie\u00dfen. Alles w\u00e4re also in sch\u00f6nster Ordnung, wenn es f\u00fcr den...  <a href=\"https:\/\/hotel-atlantic.clienti7.editatest.com\/de\/exzellente-lage\/tiefgarage.html\" class=\"more-link\" title=\"Read Tiefgarage\">Read more &raquo;<\/a><\/p>\n","protected":false},"author":4719,"featured_media":0,"parent":1170,"menu_order":0,"comment_status":"open","ping_status":"open","template":"","meta":{"_expiration-date-status":"saved","_expiration-date":0,"_expiration-date-type":"","_expiration-date-categories":[],"_expiration-date-options":[]},"acf":[],"_links":{"self":[{"href":"https:\/\/hotel-atlantic.clienti7.editatest.com\/de\/wp-json\/wp\/v2\/pages\/11012"}],"collection":[{"href":"https:\/\/hotel-atlantic.clienti7.editatest.com\/de\/wp-json\/wp\/v2\/pages"}],"about":[{"href":"https:\/\/hotel-atlantic.clienti7.editatest.com\/de\/wp-json\/wp\/v2\/types\/page"}],"author":[{"embeddable":true,"href":"https:\/\/hotel-atlantic.clienti7.editatest.com\/de\/wp-json\/wp\/v2\/users\/4719"}],"replies":[{"embeddable":true,"href":"https:\/\/hotel-atlantic.clienti7.editatest.com\/de\/wp-json\/wp\/v2\/comments?post=11012"}],"version-history":[{"count":1,"href":"https:\/\/hotel-atlantic.clienti7.editatest.com\/de\/wp-json\/wp\/v2\/pages\/11012\/revisions"}],"predecessor-version":[{"id":46682,"href":"https:\/\/hotel-atlantic.clienti7.editatest.com\/de\/wp-json\/wp\/v2\/pages\/11012\/revisions\/46682"}],"up":[{"embeddable":true,"href":"https:\/\/hotel-atlantic.clienti7.editatest.com\/de\/wp-json\/wp\/v2\/pages\/1170"}],"wp:attachment":[{"href":"https:\/\/hotel-atlantic.clienti7.editatest.com\/de\/wp-json\/wp\/v2\/media?parent=11012"}],"curies":[{"name":"wp","href":"https:\/\/api.w.org\/{rel}","templated":true}]}}