
{"id":11016,"date":"2013-09-05T15:24:05","date_gmt":"2013-09-05T15:24:05","guid":{"rendered":"http:\/\/atlantic.marcovolpe.com\/?page_id=1110"},"modified":"2015-06-25T15:16:59","modified_gmt":"2015-06-25T13:16:59","slug":"webcam-2","status":"publish","type":"page","link":"https:\/\/hotel-atlantic.clienti7.editatest.com\/de\/webcam-2.html","title":{"rendered":"Webcam"},"content":{"rendered":"<h2>Webcam, Atlantic Hotel Riccione<\/h2>\n<p class=\"lead\" class=\"lead\">Die Live-Ansicht \u00fcber die Webcam Atlantic Vista Mare ist ein kostenloser Service f\u00fcr die Leser des Atlantic Magazine.<\/p>\n<p>Sie k\u00f6nnen die Webcam durch Eingabe Ihrer E-Mail-Adresse aktivieren oder durch kostenlose Registrierung.<\/p>\n<p>Viel Spass!<\/p>\n<iframe src=\"https:\/\/www.hotel-atlantic.com\/live\/\" frameborder=\"0\" width=\"100%\" height=\"650\" class=\"video-webcam\"><\/iframe>\n","protected":false},"excerpt":{"rendered":"<p>Webcam, Atlantic Hotel Riccione Die Live-Ansicht \u00fcber die Webcam Atlantic Vista Mare ist ein kostenloser Service f\u00fcr die Leser des Atlantic Magazine. Sie k\u00f6nnen die Webcam durch Eingabe Ihrer E-Mail-Adresse aktivieren oder durch kostenlose Registrierung. Viel Spass!<\/p>\n","protected":false},"author":4719,"featured_media":914,"parent":0,"menu_order":0,"comment_status":"open","ping_status":"open","template":"","meta":{"_expiration-date-status":"saved","_expiration-date":0,"_expiration-date-type":"","_expiration-date-categories":[],"_expiration-date-options":[]},"acf":[],"_links":{"self":[{"href":"https:\/\/hotel-atlantic.clienti7.editatest.com\/de\/wp-json\/wp\/v2\/pages\/11016"}],"collection":[{"href":"https:\/\/hotel-atlantic.clienti7.editatest.com\/de\/wp-json\/wp\/v2\/pages"}],"about":[{"href":"https:\/\/hotel-atlantic.clienti7.editatest.com\/de\/wp-json\/wp\/v2\/types\/page"}],"author":[{"embeddable":true,"href":"https:\/\/hotel-atlantic.clienti7.editatest.com\/de\/wp-json\/wp\/v2\/users\/4719"}],"replies":[{"embeddable":true,"href":"https:\/\/hotel-atlantic.clienti7.editatest.com\/de\/wp-json\/wp\/v2\/comments?post=11016"}],"version-history":[{"count":0,"href":"https:\/\/hotel-atlantic.clienti7.editatest.com\/de\/wp-json\/wp\/v2\/pages\/11016\/revisions"}],"wp:featuredmedia":[{"embeddable":true,"href":"https:\/\/hotel-atlantic.clienti7.editatest.com\/de\/wp-json\/wp\/v2\/media\/914"}],"wp:attachment":[{"href":"https:\/\/hotel-atlantic.clienti7.editatest.com\/de\/wp-json\/wp\/v2\/media?parent=11016"}],"curies":[{"name":"wp","href":"https:\/\/api.w.org\/{rel}","templated":true}]}}