
{"id":11023,"date":"2013-09-05T16:24:20","date_gmt":"2013-09-05T16:24:20","guid":{"rendered":"http:\/\/atlantic.marcovolpe.com\/?page_id=1142"},"modified":"2015-06-25T15:00:46","modified_gmt":"2015-06-25T13:00:46","slug":"qualitats-und-bio-produkte","status":"publish","type":"page","link":"https:\/\/hotel-atlantic.clienti7.editatest.com\/de\/restaurant\/qualitats-und-bio-produkte.html","title":{"rendered":"Qualit\u00e4ts- und BIO-Produkte"},"content":{"rendered":"<p class=\"lead\" class=\"lead\">Qualit\u00e4ts- und BIO-Produkte, Atlantic Hotel Riccione<\/p>\n<p>Qualit\u00e4t im Atlantic-Restaurant beginnt schon bei der Auswahl von\u00a0<strong>regionalen Erzeugnissen, Men\u00fcs mit Zutaten aus 0 km Entfernung und Bio-Gerichten<\/strong>.<\/p>\n<p>Schon morgens k\u00f6nnen Sie beim Fr\u00fchst\u00fcck eine\u00a0<strong>reiche Auswahl von Produkten aus Bio-Betrieben verkosten<\/strong>, wie den Bio-Honig aus Mondaino, der von den H\u00fcgeln der nahen Marken kommt, oder k\u00f6stliche Croissants aus Dinkel und Kamuth, ohne Ei, Milch und Zucker.<\/p>\n<p>Unsere Men\u00fcvorschl\u00e4ge enthalten Bio-Gerichte jeden Tag: Von der Pasta bis zum Fleisch, vom Gem\u00fcse bis zum Dessert \u2013 unser K\u00fcchenchef\u00a0<strong>Lucio Antonietti<\/strong>\u00a0zieht sorgf\u00e4ltig unter den besten italienischen Produkten ausgew\u00e4hlte Rohstoffe aus biologischer Erzeugung vor und setzt m\u00f6glichst viele Produkte aus der unmittelbaren Umgebung ein.<\/p>\n<p>Vollkornspaghetti\u00a0<strong>\u201eLatini\"<\/strong>\u00a0aus biologischer Erzeugung mit Spargel und<strong>\u00a0Formaggio di fossa di Sogliano d.o.p.<\/strong>\u00a0auf Coulis aus frischen Tomaten<\/p>\n<p>Tofu-Happen im\u00a0<strong>Zucchinimantel aus Bio-Anbau mit Extra nativem Oliven\u00f6l<\/strong>.<\/p>\n","protected":false},"excerpt":{"rendered":"<p>Qualit\u00e4ts- und BIO-Produkte, Atlantic Hotel Riccione Qualit\u00e4t im Atlantic-Restaurant beginnt schon bei der Auswahl von\u00a0regionalen Erzeugnissen, Men\u00fcs mit Zutaten aus 0 km Entfernung und Bio-Gerichten. Schon morgens k\u00f6nnen Sie beim Fr\u00fchst\u00fcck eine\u00a0reiche Auswahl von Produkten aus Bio-Betrieben verkosten, wie den Bio-Honig aus Mondaino, der von den H\u00fcgeln der nahen Marken kommt, oder k\u00f6stliche Croissants aus...  <a href=\"https:\/\/hotel-atlantic.clienti7.editatest.com\/de\/restaurant\/qualitats-und-bio-produkte.html\" class=\"more-link\" title=\"Read Qualit\u00e4ts- und BIO-Produkte\">Read more &raquo;<\/a><\/p>\n","protected":false},"author":4719,"featured_media":0,"parent":1138,"menu_order":0,"comment_status":"open","ping_status":"open","template":"","meta":{"_expiration-date-status":"saved","_expiration-date":0,"_expiration-date-type":"","_expiration-date-categories":[],"_expiration-date-options":[]},"acf":[],"_links":{"self":[{"href":"https:\/\/hotel-atlantic.clienti7.editatest.com\/de\/wp-json\/wp\/v2\/pages\/11023"}],"collection":[{"href":"https:\/\/hotel-atlantic.clienti7.editatest.com\/de\/wp-json\/wp\/v2\/pages"}],"about":[{"href":"https:\/\/hotel-atlantic.clienti7.editatest.com\/de\/wp-json\/wp\/v2\/types\/page"}],"author":[{"embeddable":true,"href":"https:\/\/hotel-atlantic.clienti7.editatest.com\/de\/wp-json\/wp\/v2\/users\/4719"}],"replies":[{"embeddable":true,"href":"https:\/\/hotel-atlantic.clienti7.editatest.com\/de\/wp-json\/wp\/v2\/comments?post=11023"}],"version-history":[{"count":0,"href":"https:\/\/hotel-atlantic.clienti7.editatest.com\/de\/wp-json\/wp\/v2\/pages\/11023\/revisions"}],"up":[{"embeddable":true,"href":"https:\/\/hotel-atlantic.clienti7.editatest.com\/de\/wp-json\/wp\/v2\/pages\/1138"}],"wp:attachment":[{"href":"https:\/\/hotel-atlantic.clienti7.editatest.com\/de\/wp-json\/wp\/v2\/media?parent=11023"}],"curies":[{"name":"wp","href":"https:\/\/api.w.org\/{rel}","templated":true}]}}