
{"id":11024,"date":"2013-09-05T16:49:06","date_gmt":"2013-09-05T16:49:06","guid":{"rendered":"http:\/\/atlantic.marcovolpe.com\/?page_id=1144"},"modified":"2015-06-25T15:00:29","modified_gmt":"2015-06-25T13:00:29","slug":"qualitativ-hochwertige","status":"publish","type":"page","link":"https:\/\/hotel-atlantic.clienti7.editatest.com\/de\/restaurant\/qualitativ-hochwertige.html","title":{"rendered":"Qualitativ hochwertige"},"content":{"rendered":"<h2>Qualitativ hochwertige, Atlantic Hotel Riccione<\/h2>\n<p class=\"lead\" class=\"lead\">Im Atlantic war\u00a0<strong>Qualit\u00e4tsk\u00fcche<\/strong>\u00a0schon von Anfang an angesagt. Mehr noch - die Liebe f\u00fcr gutes Essen liegt dem Atlantic sozusagen im Blut, schon seit damals, als die Familie im Mai 1970 den Grundstein legte f\u00fcr eine Tradition der Gastlichkeit, die mittlerweile mehr als 40 Jahre besteht.<\/p>\n<p>\u00dcber die Jahre hinweg bis zum heutigen Tag wechselten sich wahre Stil-<strong>\u201eEpochen\"<\/strong>\u00a0in der K\u00fcche (und bei der Bedienung) ab.<\/p>\n<p>Heute kommt zu der\u00a0<strong>Erfahrung und Kreativit\u00e4t<\/strong>\u00a0der K\u00f6che auch die Erfordernis, immer sorgf\u00e4ltiger auf die Qualit\u00e4t der Ausgangsstoffe* zu achten, um die authentischsten, urspr\u00fcnglichsten Zutaten richtig zur Geltung zu bringen und Gerichte mit ausgeglichenem N\u00e4hrstoffgehalt anzubieten.<\/p>\n<p>Und all dies nat\u00fcrlich, ohne die besonderen Merkmale einer\u00a0<strong>gastronomischen Tradition<\/strong>\u00a0zu vernachl\u00e4ssigen, die in Italien und weltweit den Wohlgeschmack auf ihre Fahne schrieb.<\/p>\n<p>Den Charakter unserer<strong>\u00a0Region heraus zu streichen ist wichtig<\/strong>: Die Anzahl der G\u00e4ste, die f\u00fcr bewusste Ern\u00e4hrung sensibel sind, nimmt st\u00e4ndig zu, weshalb es f\u00fcr uns immer wichtiger wird, die zertifizierte Herkunft unserer Zutaten garantieren zu k\u00f6nnen.<\/p>\n<p>Dies zeigt sich auch in den neuen<strong>\u00a0Men\u00fcs des Ristorante Green im Atlantic Hotel<\/strong>, weshalb das Studieren der Speisekarten immer noch mehr Vergn\u00fcgen bereitet: Mit t\u00e4glich \u00fcber 30 Gerichten mittags und abends zur Auswahl, unter denen die kalorienarmen und vegetarischen Gerichte f\u00fcr alle, die eine spezielle Di\u00e4t halten, gekennzeichnet sind.<\/p>\n<p>Die Lebensmittel mit\u00a0<strong>GUB<\/strong>\u00a0sind zudem zu einem der wichtigsten Kriterien f\u00fcr die t\u00e4gliche Einkaufsliste unserer K\u00fcchenchefs geworden: Denn Produkte mit gesch\u00fctzter Ursprungsbezeichnung unter den Lebensmitteln erhalten den Vorzug und die entsprechenden Gerichte werden in den Speisekarten immer angegeben.<\/p>\n<p>Im Atlantic kann man also jeden Tag\u00a0<strong>vegetarisch oder einfach auch nur kalorienarm zu essen<\/strong>\u00a0(und es macht auch noch Spa\u00df) oder sich an die Entdeckung von DOP-Gerichten machen, mit Zutaten, die au\u00dfer h\u00f6herer Qualit\u00e4t h\u00e4ufig auch den echteren Geschmack mitbringen.<\/p>\n","protected":false},"excerpt":{"rendered":"<p>Qualitativ hochwertige, Atlantic Hotel Riccione Im Atlantic war\u00a0Qualit\u00e4tsk\u00fcche\u00a0schon von Anfang an angesagt. Mehr noch - die Liebe f\u00fcr gutes Essen liegt dem Atlantic sozusagen im Blut, schon seit damals, als die Familie im Mai 1970 den Grundstein legte f\u00fcr eine Tradition der Gastlichkeit, die mittlerweile mehr als 40 Jahre besteht. \u00dcber die Jahre hinweg bis...  <a href=\"https:\/\/hotel-atlantic.clienti7.editatest.com\/de\/restaurant\/qualitativ-hochwertige.html\" class=\"more-link\" title=\"Read Qualitativ hochwertige\">Read more &raquo;<\/a><\/p>\n","protected":false},"author":4719,"featured_media":0,"parent":1138,"menu_order":0,"comment_status":"open","ping_status":"open","template":"","meta":{"_expiration-date-status":"saved","_expiration-date":0,"_expiration-date-type":"","_expiration-date-categories":[],"_expiration-date-options":[]},"acf":[],"_links":{"self":[{"href":"https:\/\/hotel-atlantic.clienti7.editatest.com\/de\/wp-json\/wp\/v2\/pages\/11024"}],"collection":[{"href":"https:\/\/hotel-atlantic.clienti7.editatest.com\/de\/wp-json\/wp\/v2\/pages"}],"about":[{"href":"https:\/\/hotel-atlantic.clienti7.editatest.com\/de\/wp-json\/wp\/v2\/types\/page"}],"author":[{"embeddable":true,"href":"https:\/\/hotel-atlantic.clienti7.editatest.com\/de\/wp-json\/wp\/v2\/users\/4719"}],"replies":[{"embeddable":true,"href":"https:\/\/hotel-atlantic.clienti7.editatest.com\/de\/wp-json\/wp\/v2\/comments?post=11024"}],"version-history":[{"count":0,"href":"https:\/\/hotel-atlantic.clienti7.editatest.com\/de\/wp-json\/wp\/v2\/pages\/11024\/revisions"}],"up":[{"embeddable":true,"href":"https:\/\/hotel-atlantic.clienti7.editatest.com\/de\/wp-json\/wp\/v2\/pages\/1138"}],"wp:attachment":[{"href":"https:\/\/hotel-atlantic.clienti7.editatest.com\/de\/wp-json\/wp\/v2\/media?parent=11024"}],"curies":[{"name":"wp","href":"https:\/\/api.w.org\/{rel}","templated":true}]}}