
{"id":1150,"date":"2013-09-05T16:51:54","date_gmt":"2013-09-05T16:51:54","guid":{"rendered":"http:\/\/atlantic.marcovolpe.com\/?page_id=1150"},"modified":"2015-06-25T15:01:02","modified_gmt":"2015-06-25T13:01:02","slug":"service","status":"publish","type":"page","link":"https:\/\/hotel-atlantic.clienti7.editatest.com\/de\/restaurant\/service.html","title":{"rendered":"Service"},"content":{"rendered":"<h3>Service, Atlantic Hotel Riccione<\/h3>\n<p class=\"lead\" class=\"lead\"><strong>Professionalit\u00e4t und Erfahrung<\/strong> spiegeln sich in der gro\u00dfen Nat\u00fcrlichkeit wieder, mit der wir unsere G\u00e4ste empfangen.<br \/>\nLiebe f\u00fcrs Detail, P\u00fcnktlichkeit, Aufmerksamkeit f\u00fcr alle W\u00fcnsche und Bed\u00fcrfnisse geh\u00f6ren zum absoluten \u201eMust\u201c des Service im Atlantic Hotel. Und auf unser Restaurant sind wir in dieser Hinsicht besonders stolz.<br \/>\nEine Service-Tradition, die \u00fcberall erkennbar ist \u2013 vor allem auch in den kleinen Aufmerksamkeiten, die alle Sinne unserer G\u00e4ste aufs Angenehmste anspricht.<br \/>\nDeshalb ist ein Mittag- oder Abendessen im Atlantic immer ein besonderes Ereignis: Dank der aufmerksamen Pr\u00e4senz unseres Ma\u00eetres Antonio wird die Auswahl des gew\u00fcnschten Men\u00fcs zu einem wahren Vergn\u00fcgen.<br \/>\n<strong>DER EHRENGAST? DAS SIND SIE!<\/strong><br \/>\nIm Zentrum unserer Aufmerksamkeit, aber ohne es zu \u00fcbertreiben: Der Genuss eines Abendessens im Atlantic spricht alle unsere Sinne an und bleibt immer in bester Erinnerung.<br \/>\nVielleicht mit einem direkt vor Ihren Augen kreierten <strong>Dessert<\/strong> als gro\u00dfes Finale.<\/p>\n","protected":false},"excerpt":{"rendered":"<p>Service, Atlantic Hotel Riccione Professionalit\u00e4t und Erfahrung spiegeln sich in der gro\u00dfen Nat\u00fcrlichkeit wieder, mit der wir unsere G\u00e4ste empfangen. Liebe f\u00fcrs Detail, P\u00fcnktlichkeit, Aufmerksamkeit f\u00fcr alle W\u00fcnsche und Bed\u00fcrfnisse geh\u00f6ren zum absoluten \u201eMust\u201c des Service im Atlantic Hotel. Und auf unser Restaurant sind wir in dieser Hinsicht besonders stolz. Eine Service-Tradition, die \u00fcberall erkennbar...  <a href=\"https:\/\/hotel-atlantic.clienti7.editatest.com\/de\/restaurant\/service.html\" class=\"more-link\" title=\"Read Service\">Read more &raquo;<\/a><\/p>\n","protected":false},"author":4719,"featured_media":0,"parent":1138,"menu_order":0,"comment_status":"open","ping_status":"closed","template":"","meta":{"_expiration-date-status":"saved","_expiration-date":0,"_expiration-date-type":"","_expiration-date-categories":[],"_expiration-date-options":[]},"acf":[],"_links":{"self":[{"href":"https:\/\/hotel-atlantic.clienti7.editatest.com\/de\/wp-json\/wp\/v2\/pages\/1150"}],"collection":[{"href":"https:\/\/hotel-atlantic.clienti7.editatest.com\/de\/wp-json\/wp\/v2\/pages"}],"about":[{"href":"https:\/\/hotel-atlantic.clienti7.editatest.com\/de\/wp-json\/wp\/v2\/types\/page"}],"author":[{"embeddable":true,"href":"https:\/\/hotel-atlantic.clienti7.editatest.com\/de\/wp-json\/wp\/v2\/users\/4719"}],"replies":[{"embeddable":true,"href":"https:\/\/hotel-atlantic.clienti7.editatest.com\/de\/wp-json\/wp\/v2\/comments?post=1150"}],"version-history":[{"count":0,"href":"https:\/\/hotel-atlantic.clienti7.editatest.com\/de\/wp-json\/wp\/v2\/pages\/1150\/revisions"}],"up":[{"embeddable":true,"href":"https:\/\/hotel-atlantic.clienti7.editatest.com\/de\/wp-json\/wp\/v2\/pages\/1138"}],"wp:attachment":[{"href":"https:\/\/hotel-atlantic.clienti7.editatest.com\/de\/wp-json\/wp\/v2\/media?parent=1150"}],"curies":[{"name":"wp","href":"https:\/\/api.w.org\/{rel}","templated":true}]}}