
{"id":1152,"date":"2013-09-05T16:52:36","date_gmt":"2013-09-05T16:52:36","guid":{"rendered":"http:\/\/atlantic.marcovolpe.com\/?page_id=1152"},"modified":"2015-06-25T14:57:10","modified_gmt":"2015-06-25T12:57:10","slug":"der-weinkeller-des-atlantic","status":"publish","type":"page","link":"https:\/\/hotel-atlantic.clienti7.editatest.com\/de\/restaurant\/der-weinkeller-des-atlantic.html","title":{"rendered":"Der Weinkeller des Atlantic"},"content":{"rendered":"<p class=\"lead\" class=\"lead\">Der Weinkeller des Atlantic, Atlantic Hotel Riccione<\/p>\n<p>Der H\u00f6hepunkt von Gutem Geschmack wird im Atlantic erreicht, wenn man die von Antonio f\u00fcr unsere G\u00e4ste st\u00e4ndig aktualisierte Weinkarte studiert.<\/p>\n<p>Vom frischen, spritzigen, leichten Wei\u00dfen, der perfekt zu einem leichten Mittagessen zwischen Strand- und Poolaufenthalt passt bis hin zu den edlen italienischen Roten, die wir in unserem Weinkeller eifers\u00fcchtig h\u00fcten \u2013 wir werden Ihnen immer den richtigen Wein zu empfehlen wissen.<\/p>\n","protected":false},"excerpt":{"rendered":"<p>Der Weinkeller des Atlantic, Atlantic Hotel Riccione Der H\u00f6hepunkt von Gutem Geschmack wird im Atlantic erreicht, wenn man die von Antonio f\u00fcr unsere G\u00e4ste st\u00e4ndig aktualisierte Weinkarte studiert. Vom frischen, spritzigen, leichten Wei\u00dfen, der perfekt zu einem leichten Mittagessen zwischen Strand- und Poolaufenthalt passt bis hin zu den edlen italienischen Roten, die wir in unserem...  <a href=\"https:\/\/hotel-atlantic.clienti7.editatest.com\/de\/restaurant\/der-weinkeller-des-atlantic.html\" class=\"more-link\" title=\"Read Der Weinkeller des Atlantic\">Read more &raquo;<\/a><\/p>\n","protected":false},"author":4719,"featured_media":0,"parent":1138,"menu_order":0,"comment_status":"open","ping_status":"open","template":"","meta":{"_expiration-date-status":"saved","_expiration-date":0,"_expiration-date-type":"","_expiration-date-categories":[],"_expiration-date-options":[]},"acf":[],"_links":{"self":[{"href":"https:\/\/hotel-atlantic.clienti7.editatest.com\/de\/wp-json\/wp\/v2\/pages\/1152"}],"collection":[{"href":"https:\/\/hotel-atlantic.clienti7.editatest.com\/de\/wp-json\/wp\/v2\/pages"}],"about":[{"href":"https:\/\/hotel-atlantic.clienti7.editatest.com\/de\/wp-json\/wp\/v2\/types\/page"}],"author":[{"embeddable":true,"href":"https:\/\/hotel-atlantic.clienti7.editatest.com\/de\/wp-json\/wp\/v2\/users\/4719"}],"replies":[{"embeddable":true,"href":"https:\/\/hotel-atlantic.clienti7.editatest.com\/de\/wp-json\/wp\/v2\/comments?post=1152"}],"version-history":[{"count":0,"href":"https:\/\/hotel-atlantic.clienti7.editatest.com\/de\/wp-json\/wp\/v2\/pages\/1152\/revisions"}],"up":[{"embeddable":true,"href":"https:\/\/hotel-atlantic.clienti7.editatest.com\/de\/wp-json\/wp\/v2\/pages\/1138"}],"wp:attachment":[{"href":"https:\/\/hotel-atlantic.clienti7.editatest.com\/de\/wp-json\/wp\/v2\/media?parent=1152"}],"curies":[{"name":"wp","href":"https:\/\/api.w.org\/{rel}","templated":true}]}}