
{"id":1159,"date":"2013-09-05T16:58:52","date_gmt":"2013-09-05T16:58:52","guid":{"rendered":"http:\/\/atlantic.marcovolpe.com\/?page_id=1159"},"modified":"2015-06-25T15:25:49","modified_gmt":"2015-06-25T13:25:49","slug":"pool-und-wellness","status":"publish","type":"page","link":"https:\/\/hotel-atlantic.clienti7.editatest.com\/de\/pool-und-wellness.html","title":{"rendered":"Wellness und Entspannung"},"content":{"rendered":"<p class=\"lead\" class=\"lead\">Die\u00a0<strong>Suche nach Komfort<\/strong>und immer angenehmeren und exklusiverenn Serviceleistungen f\u00fcr Sie ist ein \u201cMust\u201d unseres Stils der Gastlichkeit.<\/p>\n<p>Ein Beispiel daf\u00fcr ist\u00a0<strong>\u201eAtlantjde\u201c<\/strong>, unser Wellness-Bereich, der Ihnen auf einzigartige Weise eine perfekte Kombination von Wellness, Entspannung und Unterhaltung bietet.<\/p>\n<p><strong>Meerwasser-Pools (30\u00b0C)<\/strong>, Fitness-Bereich, Sauna und Whirlpool (Hydromassagebecken) (37\u00b0C) stehen Ihnen jeden Tag von 7.00 Uhr morgens bis 21.00 Uhr abends kostenlos zur Verf\u00fcgung.<\/p>\n<p>Einzutauchen in beheiztes (30\u00b0C) und\u00a0<strong>gereinigtes Meerwasser ist ein exklusiver Luxus<\/strong>\u00a0des Atlantic Hotels.<\/p>\n<p>Dank einer innovativen ausfahrbaren \u00dcberdachung aus Glas ist es sogar m\u00f6glich, all diese wunderbaren Dinge auch mitten im Winter zu nutzen.<\/p>\n<p>Vom Herbst bis zum Fr\u00fchling wird das\u00a0<strong>\u201eAtlantjde\u201d zu einer Entspannungsoase<\/strong>, in der alles kuschelig warm und behaglich ist: das Wasser, die Luft und die Fu\u00dfb\u00f6den sind auf 30\u00b0C angeheizt, auch wenn es drau\u00dfen ungem\u00fctlich feucht und klirrend kalt ist.<\/p>\n<p>Alle\u00a0<strong>Serviceleistungen des \u201eAtlantjde\u201d<\/strong>\u00a0sind nat\u00fcrlich ausschlie\u00dflich den G\u00e4sten des Atlantic vorbehalten.<\/p>\n<p><strong>Atlantjde, 365 Tage im Jahr\u00a0<\/strong><br \/>\nDas Atlantic ist das einzige Hotel, das seinen G\u00e4sten ein Schwimmbad anbietet, das mit Meerwasser gef\u00fcllt ist und je nach Jahreszeit und Wetter entweder als Freibad oder als \u00fcberdachtes Hallenbad genutzt werden kann.<br \/>\nAuf diese Weise kann das Schwimmbad des Atlantic 365 Tage im Jahr genutzt werden. Und ein kaltes Winterwochenende verwandelt sich in einen angenehmen Urlaub mit einem Hauch von Sommer.<\/p>\n<p><strong>Schwimmkurse und Aquagym\u00a0<\/strong><br \/>\nAuch im Schwimmbad k\u00f6nnen Sie in den Genuss der Professionalit\u00e4t und Freundlichkeit unseres Fachteams kommen, das Ihnen jederzeit zur Verf\u00fcgung steht: Sie k\u00f6nnen beispielsweise einen Schwimmkurs f\u00fcr Kinder oder Erwachsene buchen, der von unserem offiziellen Schwimmlehrer des italienischen Schwimmverbands (F.I.N.) abgehalten wird.<br \/>\nIn regelm\u00e4\u00dfigen Abst\u00e4nden oder auf Vorbestellung werden au\u00dferdem Aquagym-Kurse (Wassergymnastik) organisiert.<\/p>\n<p><strong>Suite Benessere Atlantic\u00a0<\/strong><br \/>\nSuchen Sie sich eine der Wellness- oder Beautybehandlungen aus, die von unserer \u201eSuite Benessere Atlantic\u201c angeboten werden: Sie haben die freie Auswahl zwischen 20 verschiedenen Massagetypen, die Ihnen Entspannung, Wohlbefinden, Tonifizierung oder Vitalisierung bieten und Ihr Wochenende oder Ihren Urlaub am Meer zu etwas ganz Besonderem machen. Das professionelle Expertenteam steht Ihnen zur Verf\u00fcgung, um genau die richtige Massage oder Behandlung zu finden, die Sie sich w\u00fcnschen. Die Leistungen der \u201eSuite Benessere Atlantic\u201c k\u00f6nnen entweder im voraus oder aber auch direkt im Hotel gebucht werden.<\/p>\n<p><iframe loading=\"lazy\" src=\"\/\/www.youtube.com\/embed\/LP4v6N4znUg\" width=\"639\" height=\"385\" frameborder=\"0\" allowfullscreen=\"allowfullscreen\"><\/iframe><\/p>\n","protected":false},"excerpt":{"rendered":"<p>Die\u00a0Suche nach Komfortund immer angenehmeren und exklusiverenn Serviceleistungen f\u00fcr Sie ist ein \u201cMust\u201d unseres Stils der Gastlichkeit. Ein Beispiel daf\u00fcr ist\u00a0\u201eAtlantjde\u201c, unser Wellness-Bereich, der Ihnen auf einzigartige Weise eine perfekte Kombination von Wellness, Entspannung und Unterhaltung bietet. Meerwasser-Pools (30\u00b0C), Fitness-Bereich, Sauna und Whirlpool (Hydromassagebecken) (37\u00b0C) stehen Ihnen jeden Tag von 7.00 Uhr morgens bis 21.00...  <a href=\"https:\/\/hotel-atlantic.clienti7.editatest.com\/de\/pool-und-wellness.html\" class=\"more-link\" title=\"Read Wellness und Entspannung\">Read more &raquo;<\/a><\/p>\n","protected":false},"author":4719,"featured_media":3874,"parent":0,"menu_order":0,"comment_status":"open","ping_status":"closed","template":"","meta":{"_expiration-date-status":"saved","_expiration-date":0,"_expiration-date-type":"","_expiration-date-categories":[],"_expiration-date-options":[]},"acf":[],"_links":{"self":[{"href":"https:\/\/hotel-atlantic.clienti7.editatest.com\/de\/wp-json\/wp\/v2\/pages\/1159"}],"collection":[{"href":"https:\/\/hotel-atlantic.clienti7.editatest.com\/de\/wp-json\/wp\/v2\/pages"}],"about":[{"href":"https:\/\/hotel-atlantic.clienti7.editatest.com\/de\/wp-json\/wp\/v2\/types\/page"}],"author":[{"embeddable":true,"href":"https:\/\/hotel-atlantic.clienti7.editatest.com\/de\/wp-json\/wp\/v2\/users\/4719"}],"replies":[{"embeddable":true,"href":"https:\/\/hotel-atlantic.clienti7.editatest.com\/de\/wp-json\/wp\/v2\/comments?post=1159"}],"version-history":[{"count":0,"href":"https:\/\/hotel-atlantic.clienti7.editatest.com\/de\/wp-json\/wp\/v2\/pages\/1159\/revisions"}],"wp:featuredmedia":[{"embeddable":true,"href":"https:\/\/hotel-atlantic.clienti7.editatest.com\/de\/wp-json\/"}],"wp:attachment":[{"href":"https:\/\/hotel-atlantic.clienti7.editatest.com\/de\/wp-json\/wp\/v2\/media?parent=1159"}],"curies":[{"name":"wp","href":"https:\/\/api.w.org\/{rel}","templated":true}]}}