
{"id":1170,"date":"2016-09-05T17:07:18","date_gmt":"2016-09-05T15:07:18","guid":{"rendered":"http:\/\/atlantic.marcovolpe.com\/?page_id=1170"},"modified":"2019-01-26T11:47:43","modified_gmt":"2019-01-26T10:47:43","slug":"exzellente-lage","status":"publish","type":"page","link":"https:\/\/hotel-atlantic.clienti7.editatest.com\/de\/exzellente-lage.html","title":{"rendered":"Exzellente Lage"},"content":{"rendered":"<h2>Exzellente Lage<\/h2>\n<p class=\"lead\" class=\"lead\">&nbsp;<\/p>\n<p>Bei der Auswahl des\u00a0<strong>perfekten Hotels<\/strong>\u00a0spielt die Location eine entscheidende Rolle.<\/p>\n<p>Das Atlantic Hotel hat eine\u00a0<strong>exzellente Lage<\/strong>: an der\u00a0<strong>Fu\u00dfg\u00e4nger-Strandpromenade<\/strong>\u00a0mit Blick aufs Meer und direkt im Stadtzentrum nur einen Katzensprung von der Shoppingmeile\u00a0<strong>Viale Ceccarin<\/strong>i entfernt.<\/p>\n<p>Trotz dieser zentralen Lage ist es sowohl mit\u00a0<strong>dem Auto\u00a0<\/strong>(nur 1 km von der Autobahnausfahrt) als auch mit dem\u00a0<strong>Zug\u00a0<\/strong>(500 Meter) leicht zu erreichen und au\u00dferdem nahe beim\u00a0<strong>Flughafen Rimini<\/strong>\u00a0(5 km).<\/p>\n<p>Wer\u00a0<strong>gesch\u00e4ftlich nach Riccione kommt<\/strong>, sch\u00e4tzt die unmittelbare N\u00e4he des\u00a0<strong>Kongresszentrums \u201cPalazzo dei Congressi\u201d<\/strong>\u00a0(300 Meter, 5 Minuten zu Fu\u00df) und die M\u00f6glichkeit, die\u00a0<strong>Messe von Rimini<\/strong>\u00a0(15 km) in weniger als einer halben Stunde zu erreichen.<\/p>\n<hr \/>\n<blockquote><p><strong>Strand<br \/>\n<\/strong>Vor dem Atlantic, nur ein Moment, ohne Stra\u00dfen \u00fcberqueren zu m\u00fcssen.<\/p>\n<p><strong>Viale Ceccarini<br \/>\n<\/strong>300 Meter vom Atlantic, 5 Minuten zu Fu\u00df an der Fu\u00dfg\u00e4nger-Strandpromenade entlang.<\/p>\n<p><strong>Palazzo dei Congressi (Kongresszentrum)<br \/>\n<\/strong>Nur 300 Meter vom Atlantic, 5 Minuten gem\u00fctliches Schlendern durch die Stadtg\u00e4rten.<\/p>\n<p><strong>Bahnhof<br \/>\n<\/strong>Nur 500 Meter vom Atlantic, 10 Minuten zu Fu\u00df, 5 Minuten mit dem Taxi oder mit der Limousine des Hotels.<\/p>\n<p><strong>Autobahnausfahrt Riccione von der A14<br \/>\n<\/strong>Nur 1 Kilometer vom Atlantic, 5 Autominuten von der Autobahnausfahrt Riccione.<\/p>\n<p>&nbsp;<\/p><\/blockquote>\n","protected":false},"excerpt":{"rendered":"<p>Exzellente Lage &nbsp; Bei der Auswahl des\u00a0perfekten Hotels\u00a0spielt die Location eine entscheidende Rolle. Das Atlantic Hotel hat eine\u00a0exzellente Lage: an der\u00a0Fu\u00dfg\u00e4nger-Strandpromenade\u00a0mit Blick aufs Meer und direkt im Stadtzentrum nur einen Katzensprung von der Shoppingmeile\u00a0Viale Ceccarini entfernt. Trotz dieser zentralen Lage ist es sowohl mit\u00a0dem Auto\u00a0(nur 1 km von der Autobahnausfahrt) als auch mit dem\u00a0Zug\u00a0(500 Meter)...  <a href=\"https:\/\/hotel-atlantic.clienti7.editatest.com\/de\/exzellente-lage.html\" class=\"more-link\" title=\"Read Exzellente Lage\">Read more &raquo;<\/a><\/p>\n","protected":false},"author":4719,"featured_media":0,"parent":0,"menu_order":0,"comment_status":"closed","ping_status":"open","template":"","meta":{"_expiration-date-status":"saved","_expiration-date":0,"_expiration-date-type":"","_expiration-date-categories":[],"_expiration-date-options":[]},"acf":[],"_links":{"self":[{"href":"https:\/\/hotel-atlantic.clienti7.editatest.com\/de\/wp-json\/wp\/v2\/pages\/1170"}],"collection":[{"href":"https:\/\/hotel-atlantic.clienti7.editatest.com\/de\/wp-json\/wp\/v2\/pages"}],"about":[{"href":"https:\/\/hotel-atlantic.clienti7.editatest.com\/de\/wp-json\/wp\/v2\/types\/page"}],"author":[{"embeddable":true,"href":"https:\/\/hotel-atlantic.clienti7.editatest.com\/de\/wp-json\/wp\/v2\/users\/4719"}],"replies":[{"embeddable":true,"href":"https:\/\/hotel-atlantic.clienti7.editatest.com\/de\/wp-json\/wp\/v2\/comments?post=1170"}],"version-history":[{"count":0,"href":"https:\/\/hotel-atlantic.clienti7.editatest.com\/de\/wp-json\/wp\/v2\/pages\/1170\/revisions"}],"wp:attachment":[{"href":"https:\/\/hotel-atlantic.clienti7.editatest.com\/de\/wp-json\/wp\/v2\/media?parent=1170"}],"curies":[{"name":"wp","href":"https:\/\/api.w.org\/{rel}","templated":true}]}}