
{"id":1205,"date":"2016-07-03T07:58:35","date_gmt":"2016-07-03T05:58:35","guid":{"rendered":"http:\/\/atlantic.marcovolpe.com\/?page_id=1205"},"modified":"2022-06-11T17:57:37","modified_gmt":"2022-06-11T15:57:37","slug":"strand","status":"publish","type":"page","link":"https:\/\/hotel-atlantic.clienti7.editatest.com\/de\/strand.html","title":{"rendered":"Strand"},"content":{"rendered":"<h2>Das Atlantic Hotel steht direkt am Strand<\/h2>\n<blockquote><p class=\"lead\" class=\"lead\">Die gro\u00dfe wei\u00dfe Treppe bringt Sie unmittelbar aus der Hotel-Halle mit ihrem eleganten mediterranen Stil an den feinen Sandstrand von Riccione.<\/p>\n<p>Keine Stra\u00dfe, die Sie \u00fcberqueren m\u00fcssen, absolut kein Stra\u00dfenverkehr: Das verspricht ungest\u00f6rte und angenehme Entspannung am Meer, wo Sie unter zahlreiche Optionen und Strandserviceangebote w\u00e4hlen k\u00f6nnen.<\/p><\/blockquote>\n<p>&nbsp;<\/p>\n<p><iframe loading=\"lazy\" src=\"\/\/www.youtube.com\/embed\/Wcaues8p3sM\" width=\"639\" height=\"365\" frameborder=\"0\" allowfullscreen=\"allowfullscreen\"><\/iframe><\/p>\n","protected":false},"excerpt":{"rendered":"<p>Das Atlantic Hotel steht direkt am Strand Die gro\u00dfe wei\u00dfe Treppe bringt Sie unmittelbar aus der Hotel-Halle mit ihrem eleganten mediterranen Stil an den feinen Sandstrand von Riccione. Keine Stra\u00dfe, die Sie \u00fcberqueren m\u00fcssen, absolut kein Stra\u00dfenverkehr: Das verspricht ungest\u00f6rte und angenehme Entspannung am Meer, wo Sie unter zahlreiche Optionen und Strandserviceangebote w\u00e4hlen k\u00f6nnen. &nbsp;<\/p>\n","protected":false},"author":4719,"featured_media":10672,"parent":0,"menu_order":0,"comment_status":"open","ping_status":"open","template":"page-mv-builder.php","meta":{"_expiration-date-status":"saved","_expiration-date":0,"_expiration-date-type":"","_expiration-date-categories":[],"_expiration-date-options":[]},"acf":[],"_links":{"self":[{"href":"https:\/\/hotel-atlantic.clienti7.editatest.com\/de\/wp-json\/wp\/v2\/pages\/1205"}],"collection":[{"href":"https:\/\/hotel-atlantic.clienti7.editatest.com\/de\/wp-json\/wp\/v2\/pages"}],"about":[{"href":"https:\/\/hotel-atlantic.clienti7.editatest.com\/de\/wp-json\/wp\/v2\/types\/page"}],"author":[{"embeddable":true,"href":"https:\/\/hotel-atlantic.clienti7.editatest.com\/de\/wp-json\/wp\/v2\/users\/4719"}],"replies":[{"embeddable":true,"href":"https:\/\/hotel-atlantic.clienti7.editatest.com\/de\/wp-json\/wp\/v2\/comments?post=1205"}],"version-history":[{"count":1,"href":"https:\/\/hotel-atlantic.clienti7.editatest.com\/de\/wp-json\/wp\/v2\/pages\/1205\/revisions"}],"predecessor-version":[{"id":45451,"href":"https:\/\/hotel-atlantic.clienti7.editatest.com\/de\/wp-json\/wp\/v2\/pages\/1205\/revisions\/45451"}],"wp:featuredmedia":[{"embeddable":true,"href":"https:\/\/hotel-atlantic.clienti7.editatest.com\/de\/wp-json\/wp\/v2\/media\/10672"}],"wp:attachment":[{"href":"https:\/\/hotel-atlantic.clienti7.editatest.com\/de\/wp-json\/wp\/v2\/media?parent=1205"}],"curies":[{"name":"wp","href":"https:\/\/api.w.org\/{rel}","templated":true}]}}