
{"id":17894,"date":"2018-04-07T17:39:32","date_gmt":"2018-04-07T15:39:32","guid":{"rendered":"https:\/\/hotel-atlantic.clienti7.editatest.com\/privacy-policy.html"},"modified":"2019-05-31T14:48:42","modified_gmt":"2019-05-31T12:48:42","slug":"privacy-policy","status":"publish","type":"page","link":"https:\/\/hotel-atlantic.clienti7.editatest.com\/de\/faq-antworten-auf-haufig-gestellte-fragen\/privacy-policy.html","title":{"rendered":"Privacy Policy"},"content":{"rendered":"<p class=\"lead\" class=\"lead\"><strong>Verarbeitung der personenbezogenen Daten<\/strong><\/p>\n<p>F\u00fcr uns vom Atlantic Hotel 4 Stelle Superior ist der Schutz Ihrer Daten ein wichtiges Anliegen; deshalb erfolgt die Verarbeitung Ihrer Daten mit der gegebenen Sorgfalt gem\u00e4\u00df den Vorgaben der italienischen Gesetzesverordnung Nr. 196\/2003 des Gesetzes zum Schutz personenbezogener Daten, auch unter Bezugnahme auf die Empfehlung Nr. 2\/2001 der europ\u00e4ischen Beh\u00f6rden f\u00fcr den Schutz personenbezogener Daten, welche von der nach Art. 29 der Europ\u00e4ischen Richtlinie Nr. 95\/46\/EG eingerichteten Gruppe am 17. Mai 2001 ausgegeben wurde, um einige Mindestanforderungen f\u00fcr die Online-Sammlung personenbezogener Daten festzulegen.<\/p>\n<p><strong>Rechtsinhaber der Datenverarbeitung<\/strong><\/p>\n<p>Im Anschluss an die Konsultation der vorliegenden Website k\u00f6nnen Daten bez\u00fcglich identifizierten oder identifizierbaren Personen verarbeitet werden. Der Rechtsinhaber der Datenverarbeitung Atlantic Hotel 4 Stelle Superior, via Lungomare della Libert\u00e0, 15 - Riccione, RN, info@hotel-atlantic.com, USt-IdNr. 03486160405.<\/p>\n<p><strong>Freiwilligkeit der Datenangabe<\/strong><\/p>\n<p>Dem Benutzer steht es frei, die personenbezogenen Daten in den Anfrageformularen des Atlantic Hotel 4 Stelle Superior anzugeben, welche auf jeden Fall in Kontakten aufgef\u00fchrt sind, um die Sendung von Informationsmaterial oder anderen Mitteilungen anzufordern. Ohne deren Angabe kann es gegebenenfalls nicht m\u00f6glich sein, die vorliegenden Anfragen zu beantworten.<\/p>\n<p><strong>Datenverarbeitungsverfahren<\/strong><\/p>\n<p>Die personenbezogenen Daten werden mit automatisierten Tools nur solange verarbeitet, wie dies f\u00fcr das Erreichen der Ziele, f\u00fcr die sie gesammelt werden, unbedingt erforderlich ist. Spezifische Sicherheitsma\u00dfnahmen werden ergriffen, um dem Verlust der Daten, unberechtigten oder unkorrekten Verwendungen und nicht autorisierten Zugriffen vorzubeugen.<\/p>\n<p><strong>Rechte der betreffenden Personen<\/strong><\/p>\n<p>Die Subjekte, auf die sich die personenbezogenen Daten beziehen, haben das Recht, jederzeit die Best\u00e4tigung der Existenz oder Nichtexistenz der betreffenden Daten zu erhalten, deren Inhalt und Ursprung zu erfahren, deren Exaktheit zu \u00fcberpr\u00fcfen, deren Erg\u00e4nzung bzw. Aktualisierung oder deren Berichtigung einzufordern (Art. 7 der italienischen Gesetzesverordnung Nr. 196\/2003). Im Sinne des gleichen Artikels haben die betreffenden Personen das Recht, die L\u00f6schung, die Anonymisierung oder die Blockierung der entgegen den Gesetzesvorgaben verarbeiteten Daten einzufordern sowie sich auf jeden Fall ihrer Verarbeitung, aus berechtigten Gr\u00fcnden, zu widersetzen.<\/p>\n<p>Sollten Sie Zweifel bez\u00fcglich der Einhaltung der vom Atlantic Hotel 4 Stelle Superior. angewandten Politik zum Schutz der Privatsph\u00e4re haben, k\u00f6nnen Sie uns unter folgender E-Mail-Adresse kontaktieren: <a href=\"mailto:info@hotel-atlantic.com\">info@hotel-atlantic.com<\/a>.<\/p>\n<h3>Was sind Cookies?<\/h3>\n<p>Cookies sind kleine Textdateien, die von besuchten Websites an die Endger\u00e4te der betreffenden Benutzer gesendet werden, wo sie gespeichert und bei nachfolgenden Besuchen der gleichen Websites wieder an diese Websites \u00fcbertragen werden.<\/p>\n<h3>Welchen Nutzen haben sie?<\/h3>\n<p>Cookies dienen dazu, die Navigation im Internet und die Interaktion mit der Website zu erleichtern; sie erm\u00f6glichen die Speicherung der eingegebenen Pr\u00e4ferenzen, die Analyse des Surfverhaltens und des Gebrauchs der zur Verbesserung der Erfahrung des Benutzers vorgesehenen Tools.<\/p>\n<h3>Welche Cookie-Typen gibt es?<\/h3>\n<p>Es gibt verschiedene Cookie-Typen: technische, analytische, zur Produkterg\u00e4nzung und zur Profilerstellung. Wir beschr\u00e4nken uns im Nachfolgenden auf die technischen und die Profilerstellung-Cookies.<\/p>\n<h3>Die technischen Cookies<\/h3>\n<p>Diese Cookie-Typen dienen dazu, die korrekte Funktionsweise der Website zu gew\u00e4hrleisten. Ohne sie k\u00f6nnte die Website nicht richtig angezeigt werden oder nicht in allen ihren Teilen oder Funktionen nutzbar sein. Aus diesen Gr\u00fcnden k\u00f6nnen die technischen Cookies nicht gel\u00f6scht werden.<br \/>\nBez\u00fcglich der technischen Cookies unterscheidet man persistente (d.h. aktiv bis zum vorgesehenen Ablaufdatum) und Sitzungs-Cookies (d.h. beim Schlie\u00dfen des Browsers werden sie gel\u00f6scht und beim nachfolgenden Zugriff wieder erstellt).<\/p>\n<h3>Die Profilerstellung-Cookies<\/h3>\n<p>Diese Cookies werden dazu verwendet, Informationen \u00fcber den Benutzer zu erfassen, um diese anschlie\u00dfend f\u00fcr Reklame- und Werbezwecke zu verwenden. Die Profilerstellung-Cookies k\u00f6nnen vom Eigent\u00fcmer der Website oder von Dritten sein.<br \/>\nF\u00fcr diese Cookie-Typen wird die ausdr\u00fcckliche Annahme angefragt, und sie k\u00f6nnen jederzeit gel\u00f6scht werden.<\/p>\n<h3>Von \u201ehotel-atlantic.com\u201c verwendete technische Cookies<\/h3>\n<table class=\"tbl-cookie\" cellspacing=\"0\" cellpadding=\"0\">\n<tbody>\n<tr class=\"c7\">\n<td class=\"c20\" colspan=\"1\" rowspan=\"1\">\n<p class=\"c13\"><span class=\"c19 c2 c23\">Name<\/span><\/p>\n<\/td>\n<td class=\"c20\" colspan=\"1\" rowspan=\"1\">\n<p class=\"c13\"><span class=\"c19 c2 c23\">Typ<\/span><\/p>\n<\/td>\n<td class=\"c5\" colspan=\"1\" rowspan=\"1\">\n<p class=\"c13\"><span class=\"c2 c23\">Dauer<\/span><\/p>\n<\/td>\n<td class=\"c22\" colspan=\"1\" rowspan=\"1\">\n<p class=\"c13\"><span class=\"c19 c2 c23\">Funktion<\/span><\/p>\n<\/td>\n<\/tr>\n<tr class=\"c7\">\n<td class=\"c29\" colspan=\"1\" rowspan=\"1\">\n<p class=\"c1\"><span class=\"c0\">_mvtrack<\/span><\/p>\n<\/td>\n<td class=\"c29\" colspan=\"1\" rowspan=\"1\">\n<p class=\"c1\"><span class=\"c2 c36\">technisches Cookie<\/span><\/p>\n<\/td>\n<td class=\"c38\" colspan=\"1\" rowspan=\"1\">\n<p class=\"c1\"><span class=\"c12 c2\">1 Jahr<\/span><\/p>\n<\/td>\n<td class=\"c44\" colspan=\"1\" rowspan=\"1\">\n<p class=\"c1 c14\"><span class=\"c0\">Dient zur Aufzeichnung des vom Benutzer w\u00e4hrend des Surfens verfolgten Wegs bis zum Ausf\u00fcllen eines Informationsformulars. Wird zum Versenden von Aktualisierungen bez\u00fcglich Angeboten und Newsletters verwendet.<\/span><\/p>\n<\/td>\n<\/tr>\n<tr class=\"c28\">\n<td class=\"c20\" colspan=\"1\" rowspan=\"1\">\n<p class=\"c1\"><span class=\"c0\">absChoosen<\/span><\/p>\n<\/td>\n<td class=\"c20\" colspan=\"1\" rowspan=\"1\">\n<p class=\"c1\"><span class=\"c12 c2\">technisches Cookie<\/span><\/p>\n<\/td>\n<td class=\"c5\" colspan=\"1\" rowspan=\"1\">\n<p class=\"c1\"><span class=\"c12 c2\">1 Stunde<\/span><\/p>\n<\/td>\n<td class=\"c22\" colspan=\"1\" rowspan=\"1\">\n<p class=\"c1 c14\"><span class=\"c0\">Cookie mit dem Wert 0 oder 1. Erm\u00f6glicht der Applikation auszuw\u00e4hlen, ob einige Informationen auf Grundlage von zuvor angezeigten Informationen angezeigt werden sollen (oder nicht).<\/span><\/p>\n<\/td>\n<\/tr>\n<tr class=\"c7\">\n<td class=\"c20\" colspan=\"1\" rowspan=\"1\">\n<p class=\"c1\"><span class=\"c0 c16\">_icl-current-language, _icl_current_admin_language<\/span><\/p>\n<\/td>\n<td class=\"c20\" colspan=\"1\" rowspan=\"1\">\n<p class=\"c1\"><span class=\"c12 c2\">technisches Cookie<\/span><\/p>\n<\/td>\n<td class=\"c5\" colspan=\"1\" rowspan=\"1\">\n<p class=\"c1\"><span class=\"c12 c2\">1 Tag<\/span><\/p>\n<\/td>\n<td class=\"c22\" colspan=\"1\" rowspan=\"1\">\n<p class=\"c1 c14\"><span class=\"c0\">Diese Cookies enthalten Informationen zur vom Browser des Benutzers konfigurierten Sprache, um den Inhalt der Website in der jeweiligen Sprache anzuzeigen.<\/span><\/p>\n<\/td>\n<\/tr>\n<tr class=\"c7\">\n<td class=\"c20\" colspan=\"1\" rowspan=\"1\">\n<p class=\"c1\"><span class=\"c0 c16\">wordpress_logged_in_[hash]<\/span><\/p>\n<\/td>\n<td class=\"c20\" colspan=\"1\" rowspan=\"1\">\n<p class=\"c1\"><span class=\"c2 c4\">technisches Cookie<\/span><\/p>\n<\/td>\n<td class=\"c5\" colspan=\"1\" rowspan=\"1\">\n<p class=\"c1\"><span class=\"c2 c12\">Schlie\u00dfen des Browsers<\/span><\/p>\n<\/td>\n<td class=\"c22\" colspan=\"1\" rowspan=\"1\">\n<p class=\"c1 c14\"><span class=\"c0\">Enth\u00e4lt den Bezug zur laufenden Sitzung, sollte der Benutzer den Zugang mit einem registrierten Account ausgef\u00fchrt haben. Das Feld kann variieren und repr\u00e4sentiert die laufende Sitzung.<\/span><\/p>\n<\/td>\n<\/tr>\n<tr class=\"c7\">\n<td class=\"c20\" colspan=\"1\" rowspan=\"1\">\n<p class=\"c1\"><span class=\"c0 c16\">PHPSESSID<\/span><\/p>\n<\/td>\n<td class=\"c20\" colspan=\"1\" rowspan=\"1\">\n<p class=\"c1\"><span class=\"c4 c2\">technisches Cookie<\/span><\/p>\n<\/td>\n<td class=\"c5\" colspan=\"1\" rowspan=\"1\">\n<p class=\"c1\"><span class=\"c12 c2\">Schlie\u00dfen des Browsers<\/span><\/p>\n<\/td>\n<td class=\"c22\" colspan=\"1\" rowspan=\"1\">\n<p class=\"c1 c14\"><span class=\"c0\">Das Cookie PHPSESSID ist ein natives PHP-Cookie; es erm\u00f6glicht den Websites, Daten zum Status der Sitzung zu speichern. Auf der Website wird es verwendet, um eine Benutzer-Sitzung zu bestimmen und die Daten zum Sitzungsstatus \u00fcber ein tempor\u00e4res Cookie, gew\u00f6hnlich Sitzungs-Cookie genannt, zu melden. Da f\u00fcr das PHPSESSID-Cookie kein Ablaufdatum vorgesehen ist, wird es beim Schlie\u00dfen des Client gel\u00f6scht.<\/span><\/p>\n<\/td>\n<\/tr>\n<tr class=\"c7\">\n<td class=\"c20\" colspan=\"1\" rowspan=\"1\">\n<p class=\"c1\"><span class=\"c0\">wordpress_[hash]<\/span><\/p>\n<\/td>\n<td class=\"c20\" colspan=\"1\" rowspan=\"1\">\n<p class=\"c1\"><span class=\"c4 c2\">technisches Cookie<\/span><\/p>\n<\/td>\n<td class=\"c5\" colspan=\"1\" rowspan=\"1\">\n<p class=\"c1\"><span class=\"c12 c2\">Schlie\u00dfen des Browsers<\/span><\/p>\n<\/td>\n<td class=\"c22\" colspan=\"1\" rowspan=\"1\">\n<p class=\"c1 c14\"><span class=\"c0\">Enth\u00e4lt den Bezug zur laufenden WordPress-Sitzung. Das Feld kann variieren und repr\u00e4sentiert die laufende Sitzung.<\/span><\/p>\n<\/td>\n<\/tr>\n<tr class=\"c7\">\n<td class=\"c20\" colspan=\"1\" rowspan=\"1\">\n<p class=\"c1\"><span class=\"c2 c32\">CMSSESSID<\/span><\/p>\n<\/td>\n<td class=\"c20\" colspan=\"1\" rowspan=\"1\">\n<p class=\"c1\"><span class=\"c4 c2\">technisches Cookie<\/span><\/p>\n<\/td>\n<td class=\"c5\" colspan=\"1\" rowspan=\"1\">\n<p class=\"c1\"><span class=\"c12 c2\">Schlie\u00dfen des Browsers<\/span><\/p>\n<\/td>\n<td class=\"c22\" colspan=\"1\" rowspan=\"1\">\n<p class=\"c1 c14\"><span class=\"c0\">Von CMS Made Simple verwendet, um das Management der Sitzungen in Bezug auf PHPSESSID zu verbessern.<\/span><\/p>\n<\/td>\n<\/tr>\n<tr class=\"c7\">\n<td class=\"c20\" colspan=\"1\" rowspan=\"1\">\n<p class=\"c1\"><span class=\"c0\">wp-settings-[UID]<\/span><\/p>\n<\/td>\n<td class=\"c20\" colspan=\"1\" rowspan=\"1\">\n<p class=\"c1\"><span class=\"c4 c2\">technisches Cookie<\/span><\/p>\n<\/td>\n<td class=\"c5\" colspan=\"1\" rowspan=\"1\">\n<p class=\"c1\"><span class=\"c12 c2\">1 Jahr<\/span><\/p>\n<\/td>\n<td class=\"c22\" colspan=\"1\" rowspan=\"1\">\n<p class=\"c1 c14\"><span class=\"c0\">Enth\u00e4lt applikative Einstellungen bez\u00fcglich Benutzerpr\u00e4ferenzen privater oder administrativer Bereiche der Website. Das Feld kann variieren und beschreibt den Parameter, von dem der Wert gespeichert ist.<\/span><\/p>\n<\/td>\n<\/tr>\n<tr class=\"c7\">\n<td class=\"c20\" colspan=\"1\" rowspan=\"1\">\n<p class=\"c1\"><span class=\"c0\">wp-settings-time-[UID]<\/span><\/p>\n<\/td>\n<td class=\"c20\" colspan=\"1\" rowspan=\"1\">\n<p class=\"c1\"><span class=\"c4 c2\">technisches Cookie<\/span><\/p>\n<\/td>\n<td class=\"c5\" colspan=\"1\" rowspan=\"1\">\n<p class=\"c1\"><span class=\"c12 c2\">1 Jahr<\/span><\/p>\n<\/td>\n<td class=\"c22\" colspan=\"1\" rowspan=\"1\">\n<p class=\"c1 c14\"><span class=\"c0\">Wird verwendet, um die Anzeige im Browser der Seiten privater oder administrativer Bereiche der Website anzupassen.<\/span><\/p>\n<\/td>\n<\/tr>\n<tr class=\"c31\">\n<td class=\"c20\" colspan=\"1\" rowspan=\"1\">\n<p class=\"c1\"><span class=\"c0\">_event_queue<\/span><\/p>\n<\/td>\n<td class=\"c20\" colspan=\"1\" rowspan=\"1\">\n<p class=\"c1\"><span class=\"c12 c2\">technisches Cookie<\/span><\/p>\n<\/td>\n<td class=\"c5\" colspan=\"1\" rowspan=\"1\">\n<p class=\"c1\"><span class=\"c12 c2\">10 Min.<\/span><\/p>\n<\/td>\n<td class=\"c22\" colspan=\"1\" rowspan=\"1\">\n<p class=\"c1 c14\"><span class=\"c0\">Dient zur besseren Funktionsweise des Event-Bereichs der Website. Speichert die vom Benutzer ausgew\u00e4hlten Events, um die Navigation zu beschleunigen.<\/span><\/p>\n<\/td>\n<\/tr>\n<tr class=\"c31\">\n<td class=\"c20\" colspan=\"1\" rowspan=\"1\">\n<p class=\"c1\"><span class=\"c0\">JCS_INENREF <\/span><\/p>\n<\/td>\n<td class=\"c20\" colspan=\"1\" rowspan=\"1\">\n<p class=\"c1\"><span class=\"c4 c2\">technisches Cookie<\/span><\/p>\n<\/td>\n<td class=\"c5\" colspan=\"1\" rowspan=\"1\">\n<p class=\"c1\"><span class=\"c12 c2\">10 Min.<\/span><\/p>\n<\/td>\n<td class=\"c22\" colspan=\"1\" rowspan=\"1\">\n<p class=\"c1 c14\"><span class=\"c0\">Wird f\u00fcr die Antispam-Funktionen verwendet.<\/span><\/p>\n<\/td>\n<\/tr>\n<tr class=\"c31\">\n<td class=\"c20\" colspan=\"1\" rowspan=\"1\">\n<p class=\"c1\"><span class=\"c0\">JCS_INENTIM <\/span><\/p>\n<\/td>\n<td class=\"c20\" colspan=\"1\" rowspan=\"1\">\n<p class=\"c1\"><span class=\"c4 c2\">technisches Cookie<\/span><\/p>\n<\/td>\n<td class=\"c5\" colspan=\"1\" rowspan=\"1\">\n<p class=\"c1\"><span class=\"c12 c2\">10 Min.<\/span><\/p>\n<\/td>\n<td class=\"c22\" colspan=\"1\" rowspan=\"1\">\n<p class=\"c1 c14\"><span class=\"c0\">Wird f\u00fcr die Antispam-Funktionen verwendet.<\/span><\/p>\n<\/td>\n<\/tr>\n<tr class=\"c31\">\n<td class=\"c20\" colspan=\"1\" rowspan=\"1\">\n<p class=\"c1\"><span class=\"c0\">NCS_INENTIM <\/span><\/p>\n<\/td>\n<td class=\"c20\" colspan=\"1\" rowspan=\"1\">\n<p class=\"c1\"><span class=\"c4 c2\">technisches Cookie<\/span><\/p>\n<\/td>\n<td class=\"c5\" colspan=\"1\" rowspan=\"1\">\n<p class=\"c1\"><span class=\"c12 c2\">10 Min.<\/span><\/p>\n<\/td>\n<td class=\"c22\" colspan=\"1\" rowspan=\"1\">\n<p class=\"c1 c14\"><span class=\"c0\">Wird f\u00fcr die Antispam-Funktionen verwendet.<\/span><\/p>\n<\/td>\n<\/tr>\n<tr class=\"c31\">\n<td class=\"c20\" colspan=\"1\" rowspan=\"1\">\n<p class=\"c1\"><span class=\"c0\">SJECT15 <\/span><\/p>\n<\/td>\n<td class=\"c20\" colspan=\"1\" rowspan=\"1\">\n<p class=\"c1\"><span class=\"c4 c2\">technisches Cookie<\/span><\/p>\n<\/td>\n<td class=\"c5\" colspan=\"1\" rowspan=\"1\">\n<p class=\"c1\"><span class=\"c12 c2\">1 Stunde<\/span><\/p>\n<\/td>\n<td class=\"c22\" colspan=\"1\" rowspan=\"1\">\n<p class=\"c1 c14\"><span class=\"c0\">Sitzungskennung<\/span><\/p>\n<\/td>\n<\/tr>\n<tr class=\"c31\">\n<td class=\"c20\" colspan=\"1\" rowspan=\"1\">\n<p class=\"c1\"><span class=\"c32 c2\">SIFR-PREFETCHED<\/span><\/p>\n<p class=\"c1 c39\">\n<\/td>\n<td class=\"c20\" colspan=\"1\" rowspan=\"1\">\n<p class=\"c1\"><span class=\"c4 c2\">technisches Cookie<\/span><\/p>\n<\/td>\n<td class=\"c5\" colspan=\"1\" rowspan=\"1\">\n<p class=\"c1\"><span class=\"c12 c2\">Schlie\u00dfen des Browsers<\/span><\/p>\n<\/td>\n<td class=\"c22\" colspan=\"1\" rowspan=\"1\">\n<p class=\"c1 c14\"><span class=\"c0\">Dieses Cookie speichert die Daten und erm\u00f6glicht somit dem Websitecode, rascher Flash-Text zu erhalten.<\/span><\/p>\n<\/td>\n<\/tr>\n<\/tbody>\n<\/table>\n<h3>Cookies von Dritten<\/h3>\n<p><strong>Google Analytics Cookies<\/strong><\/p>\n<p>Unsere Website nutzt Google Analytics von Google, Inc., ein Service, der Mess- und Analysestatistiken der Website-Performances anhand von Cookies erstellt. Zur Konsultation der Datenschutzerkl\u00e4rung des Service Google Analytics siehe die Webseite <a href=\"http:\/\/www.google.com\/intl\/en\/analytics\/privacyoverview.html\" target=\"_blank\" rel=\"noopener noreferrer\">http:\/\/www.google.com\/intl\/en\/analytics\/privacyoverview.html<\/a>. Hinsichtlich der Datenschutznormen von Google siehe die Webseite <a href=\"http:\/\/www.google.com\/intl\/it\/privacy\/privacy-policy.html\" target=\"_blank\" rel=\"noopener noreferrer\">http:\/\/www.google.com\/intl\/it\/privacy\/privacy-policy.html<\/a> .<\/p>\n<p><strong>Google Adwords &amp; Google Remarketing Cookies<\/strong><\/p>\n<p>Die Website k\u00f6nnte Google Adwords und die Technologie Google Remarketing nutzen. Beide werden von Google Inc. verwaltet. Auch die \u00dcberwachungsfunktion der Konvertierungen von AdWords verwendet Cookies. Als Hilfe zur Aufzeichnung der Verk\u00e4ufe und anderer Konvertierungen wird ein Cookie im Computer eines Benutzers in dem Augenblick eingerichtet, in dem der betreffende Benutzer eine Anzeige anklickt. Weitere Informationen hierzu auf: <a href=\"https:\/\/www.google.es\/intl\/it\/policies\/privacy\/\" target=\"_blank\" rel=\"noopener noreferrer\">https:\/\/www.google.es\/intl\/it\/policies\/privacy\/<\/a>.<br \/>\nDer Benutzer kann schlie\u00dflich die Cookies von Google Analytics durch Downloaden eines spezifischen Plugins des Browsers, der unter folgender Url <a href=\"https:\/\/tools.google.com\/dlpage\/gaoptout\" target=\"_blank\" rel=\"noopener noreferrer\">https:\/\/tools.google.com\/dlpage\/gaoptout<\/a> erh\u00e4ltlich ist, l\u00f6schen.<\/p>\n<p><strong>Clicky<\/strong><\/p>\n<p>Die Website k\u00f6nnte zudem Performance-Cookies \u00fcber den Gebrauchsanalyseservice \u201eClicky\u201c nutzen, um statistische Erfassungen auszuf\u00fchren. Clicky ist ein Webanalyse-Tool, das es den Website-Eigent\u00fcmern in erster Linie erlaubt, die Interaktionsmodalit\u00e4ten der Besucher mit den eigenen Websites nachzuvollziehen. F\u00fcr weitere Informationen:<br \/>\n<a href=\"http:\/\/clicky.com\/terms\" target=\"_blank\" rel=\"noopener noreferrer\">http:\/\/clicky.com\/terms<\/a><\/p>\n<p><strong>Mouseflow<\/strong><\/p>\n<p>Die Website k\u00f6nnte Mouseflow nutzen; es handelt sich hierbei um einen von Mouseflow ApS bereitgestellten Statistik- und Heat-Mapping-Service. Die von Mouseflow erstellten Cookies dienen zur Feststellung, welche Bereiche einer Webseite vom Cursor durchlaufen oder von der Computermaus angeklickt werden, um somit deren Grad an Interesse auf Seiten der Benutzer zu erfassen. Es ist jederzeit m\u00f6glich, den Opt-out von der Datensammlung und -archivierung durch Mouseflow gem\u00e4\u00df den Anweisungen unter folgendem Link auszuf\u00fchren: <a href=\"http:\/\/mouseflow.com\/opt-out\/\" target=\"_blank\" rel=\"noopener noreferrer\">http:\/\/mouseflow.com\/opt-out\/<\/a><br \/>\nWeitere Informationen zur Software und zur Datenschutzerkl\u00e4rung von Mouseflow sind auf folgender Website erh\u00e4ltlich: <a href=\"http:\/\/mouseflow.com\/privacy\/\" target=\"_blank\" rel=\"noopener noreferrer\">http:\/\/mouseflow.com\/privacy\/<\/a><\/p>\n<p><strong>CrazyEgg<\/strong><\/p>\n<p>Die Website k\u00f6nnte CrazyEgg nutzen, ein Online-Analyseservice von Crazy Egg, Inc. (\u201eCrazyEgg\u201c), der Cookies zur Analyse des Gebrauchs unserer Website verwendet.<br \/>\nEs ist jederzeit m\u00f6glich, den Opt-out von der Datensammlung und -archivierung durch CrazyEgg gem\u00e4\u00df den Anweisungen unter folgendem Link auszuf\u00fchren:<br \/>\n<a href=\"http:\/\/www.crazyegg.com\/opt-out\" target=\"_blank\" rel=\"noopener noreferrer\">http:\/\/www.crazyegg.com\/opt-out<\/a><br \/>\nWeitere Informationen zur Software und zur Datenschutzerkl\u00e4rung von CrazyEgg sind auf folgender Website erh\u00e4ltlich: <a href=\"http:\/\/www.crazyegg.com\/privacy\" target=\"_blank\" rel=\"noopener noreferrer\">http:\/\/www.crazyegg.com\/privacy<\/a><\/p>\n<p><strong>Plugin und Widget Social<\/strong><\/p>\n<p>Die Website k\u00f6nnte Plugins nutzen, um es den Social-Network-Benutzern zu erm\u00f6glichen, von ihnen bevorzugte Inhalte mit ihren \u201eFreunden\u201c zu teilen (und weitere verkn\u00fcpfte Funktionen vorzuschlagen, z.B. die Ver\u00f6ffentlichung von Kommentaren). Diese Plugins archivieren und greifen auf die Cookies im Endger\u00e4t des Benutzers zu, um es dem Social Network zu erlauben, die Mitglieder zu erfassen, sobald diese mit den betreffenden Plugins interagieren.<\/p>\n<p>Im Einzelnen k\u00f6nnten die Plugins von Facebook, Twitter und Google +1, Youtube, Instagram, Linkedin genutzt werden.<\/p>\n<p>Facebook: <a href=\"http:\/\/www.facebook.com\/about\/privacy\" target=\"_blank\" rel=\"noopener noreferrer\">http:\/\/www.facebook.com\/about\/privacy<\/a><\/p>\n<p>Facebook Datenschutzerkl\u00e4rung: <a href=\"https:\/\/www.facebook.com\/help\/cookies\/\" target=\"_blank\" rel=\"noopener noreferrer\">https:\/\/www.facebook.com\/help\/cookies\/<\/a><\/p>\n<p>Twitter: <a href=\"https:\/\/twitter.com\/privacy\" target=\"_blank\" rel=\"noopener noreferrer\">https:\/\/twitter.com\/privacy<\/a><\/p>\n<p>Twitter Datenschutzerkl\u00e4rungen: <a href=\"https:\/\/support.twitter.com\/articles\/20170514\" target=\"_blank\" rel=\"noopener noreferrer\">https:\/\/support.twitter.com\/articles\/20170514<\/a><\/p>\n<p>Twitter (Konfiguration): <a href=\"https:\/\/twitter.com\/settings\/security\" target=\"_blank\" rel=\"noopener noreferrer\">https:\/\/twitter.com\/settings\/security<\/a><\/p>\n<p>Google+ Datenschutzerkl\u00e4rung: <a href=\"http:\/\/www.google.it\/intl\/it\/policies\/technologies\/cookies\/\" target=\"_blank\" rel=\"noopener noreferrer\">http:\/\/www.google.it\/intl\/it\/policies\/technologies\/cookies\/<\/a><\/p>\n<p>Google+ (Konfiguration): <a href=\"http:\/\/www.google.it\/intl\/it\/policies\/technologies\/managing\/\" target=\"_blank\" rel=\"noopener noreferrer\">http:\/\/www.google.it\/intl\/it\/policies\/technologies\/managing\/<\/a><\/p>\n<p>Linkedin Datenschutzerkl\u00e4rung: <a href=\"https:\/\/www.linkedin.com\/legal\/cookie-policy\" target=\"_blank\" rel=\"noopener noreferrer\">https:\/\/www.linkedin.com\/legal\/cookie-policy<\/a><\/p>\n<p>Linkedin (Konfiguration): <a href=\"https:\/\/www.linkedin.com\/settings\/\" target=\"_blank\" rel=\"noopener noreferrer\">https:\/\/www.linkedin.com\/settings\/<\/a><\/p>\n<p>Instagram: <a href=\"https:\/\/instagram.com\/legal\/cookies\/\" target=\"_blank\" rel=\"noopener noreferrer\">https:\/\/instagram.com\/legal\/cookies\/<\/a><\/p>\n<p>Youtube: <a href=\"http:\/\/www.google.co.uk\/intl\/it\/policies\/\" target=\"_blank\" rel=\"noopener noreferrer\">http:\/\/www.google.co.uk\/intl\/it\/policies\/<\/a><\/p>\n<p>Online Behavioural Advertising von spezialisierten Dritten und Management der Werbekampagnen<br \/>\nDiese Cookies, die von dritten Gesellschaften installiert werden, deren T\u00e4tigkeit darin besteht, Online-Profile zu erstellen, erm\u00f6glichen die Erstellung eines anonymen Profils der Browser auf Grundlage ihrer Navigationserfahrung auf dieser und auf allen anderen Websites. Auf diese Weise ist es m\u00f6glich, gezielte Werbung je nach vorliegenden Interessen anstelle von allgemeiner Werbung zu versenden.<br \/>\nDiese Cookies werden nicht von unserer Gesellschaft verwaltet, sondern von Dritten, d.h., sie sind Cookies von Dritten oder \u201eThird Party Cookies\u201c. Es besteht die M\u00f6glichkeit, auf folgender Website mehr \u00fcber die einzelnen Gesellschaften zu erfahren, die diese Art Cookies installieren:<br \/>\n<a href=\"http:\/\/www.youronlinechoices.com\/it\/le-tue-scelte\" target=\"_blank\" rel=\"noopener noreferrer\">http:\/\/www.youronlinechoices.com\/it\/le-tue-scelte<\/a><\/p>\n<h3>L\u00f6schen der Cookies durch entsprechende Konfiguration des Browsers<\/h3>\n<p>Jeder Browser sieht ein bestimmtes Verfahren f\u00fcr das L\u00f6schen der Cookies vor; nachstehend die wichtigsten Browser: <a href=\"https:\/\/support.google.com\/accounts\/answer\/61416?hl=de\">Chrome<\/a>, <a href=\"https:\/\/support.mozilla.org\/de\/kb\/cookies-erlauben-und-ablehnen\">Firefox<\/a>, <a href=\"http:\/\/windows.microsoft.com\/it-it\/windows-vista\/block-or-allow-cookies\">Internet Explorer<\/a>, <a href=\"https:\/\/support.apple.com\/kb\/PH5042?locale=en_US\">Safari<\/a>, <a href=\"http:\/\/www.opera.com\/help\/tutorials\/security\/privacy\/\">Opera<\/a>. Nach dem L\u00f6schen k\u00f6nnten jedoch einige Funktionen der Webseiten nicht mehr korrekt ausgef\u00fchrt werden.<br \/>\nDie Anzeige dieser Seite ist m\u00f6glich \u00fcber den entsprechenden Link am unteren Ende aller Seiten der Website gem\u00e4\u00df den Vorgaben des Art. 122, zweiter Absatz, der italienischen Gesetzesverordnung 196\/2003 und nach den vereinfachten Verfahren in puncto Datenschutzerkl\u00e4rung und Erhalt der Zustimmung f\u00fcr die Cookies-Verwendung, welche im italienischen Amtsblatt Nr. 126 vom 3. Juni 2014 und im entsprechenden Ma\u00dfnahmenregister Nr. 229 vom 8. Mai 2014 ver\u00f6ffentlicht wurden.<\/p>\n","protected":false},"excerpt":{"rendered":"<p>Verarbeitung der personenbezogenen Daten F\u00fcr uns vom Atlantic Hotel 4 Stelle Superior ist der Schutz Ihrer Daten ein wichtiges Anliegen; deshalb erfolgt die Verarbeitung Ihrer Daten mit der gegebenen Sorgfalt gem\u00e4\u00df den Vorgaben der italienischen Gesetzesverordnung Nr. 196\/2003 des Gesetzes zum Schutz personenbezogener Daten, auch unter Bezugnahme auf die Empfehlung Nr. 2\/2001 der europ\u00e4ischen Beh\u00f6rden...  <a href=\"https:\/\/hotel-atlantic.clienti7.editatest.com\/de\/faq-antworten-auf-haufig-gestellte-fragen\/privacy-policy.html\" class=\"more-link\" title=\"Read Privacy Policy\">Read more &raquo;<\/a><\/p>\n","protected":false},"author":18,"featured_media":17808,"parent":11726,"menu_order":1,"comment_status":"closed","ping_status":"closed","template":"page-mv-builder.php","meta":{"_expiration-date-status":"saved","_expiration-date":0,"_expiration-date-type":"","_expiration-date-categories":[],"_expiration-date-options":[]},"acf":[],"_links":{"self":[{"href":"https:\/\/hotel-atlantic.clienti7.editatest.com\/de\/wp-json\/wp\/v2\/pages\/17894"}],"collection":[{"href":"https:\/\/hotel-atlantic.clienti7.editatest.com\/de\/wp-json\/wp\/v2\/pages"}],"about":[{"href":"https:\/\/hotel-atlantic.clienti7.editatest.com\/de\/wp-json\/wp\/v2\/types\/page"}],"author":[{"embeddable":true,"href":"https:\/\/hotel-atlantic.clienti7.editatest.com\/de\/wp-json\/wp\/v2\/users\/18"}],"replies":[{"embeddable":true,"href":"https:\/\/hotel-atlantic.clienti7.editatest.com\/de\/wp-json\/wp\/v2\/comments?post=17894"}],"version-history":[{"count":0,"href":"https:\/\/hotel-atlantic.clienti7.editatest.com\/de\/wp-json\/wp\/v2\/pages\/17894\/revisions"}],"up":[{"embeddable":true,"href":"https:\/\/hotel-atlantic.clienti7.editatest.com\/de\/wp-json\/wp\/v2\/pages\/11726"}],"wp:featuredmedia":[{"embeddable":true,"href":"https:\/\/hotel-atlantic.clienti7.editatest.com\/de\/wp-json\/wp\/v2\/media\/17808"}],"wp:attachment":[{"href":"https:\/\/hotel-atlantic.clienti7.editatest.com\/de\/wp-json\/wp\/v2\/media?parent=17894"}],"curies":[{"name":"wp","href":"https:\/\/api.w.org\/{rel}","templated":true}]}}