
{"id":4726,"date":"2014-02-03T17:40:34","date_gmt":"2014-02-03T17:40:34","guid":{"rendered":"http:\/\/atlantic.marcovolpe.com\/?page_id=4726"},"modified":"2015-06-25T14:53:58","modified_gmt":"2015-06-25T12:53:58","slug":"privacy-de","status":"publish","type":"page","link":"https:\/\/hotel-atlantic.clienti7.editatest.com\/de\/privacy-de.html","title":{"rendered":"Privacy de"},"content":{"rendered":"<p class=\"lead\" class=\"lead\">Gem\u00e4\u00df Gesetz Nr. 196 vom 30. Juni 2003 zum Datenschutz erkl\u00e4rt Hotel Atlantic, Inhaber der Datenspeicherung Folgendes:<\/p>\n<p>Die IP-Adresse des Kunden wird weder gespeichert noch verwendet; au\u00dfer den vom speziellen, zum Surfen benutzten Browser er\u00f6ffneten Files werden keinerlei andere Files (Cookies) auf dem Computer des Benutzers gespeichert.<\/p>\n<p>Diese Website kann mit anderen Websites verbunden sein. Hotel Atlantic ist f\u00fcr die in Sachen Datenschutz von den anderen Websites angewandten Praktiken nicht verantwortlich.<\/p>\n<p>Hotel Atlantic verwaltet die in der eigenen Website eingegangenen Daten und Statistiken; die Daten werden anonym gespeichert und betreffen weder IP-Adressen noch \"pers\u00f6nliche\" Daten des Website Besuchers.<\/p>\n<p><strong>Verantwortlich f\u00fcr Verwendung der Daten ist:<\/strong><\/p>\n<p>Hotel Atlantic ****s<br \/>\nLungomare della Libert\u00e0, 15<br \/>\n47838 Riccione - Rimini (RN) ITALY<br \/>\n<a href=\"mailto:info@hotel-atlantic.vom\" target=\"_blank\">info@hotel-atlantic.com<\/a><\/p>\n","protected":false},"excerpt":{"rendered":"<p>Gem\u00e4\u00df Gesetz Nr. 196 vom 30. Juni 2003 zum Datenschutz erkl\u00e4rt Hotel Atlantic, Inhaber der Datenspeicherung Folgendes: Die IP-Adresse des Kunden wird weder gespeichert noch verwendet; au\u00dfer den vom speziellen, zum Surfen benutzten Browser er\u00f6ffneten Files werden keinerlei andere Files (Cookies) auf dem Computer des Benutzers gespeichert. Diese Website kann mit anderen Websites verbunden sein....  <a href=\"https:\/\/hotel-atlantic.clienti7.editatest.com\/de\/privacy-de.html\" class=\"more-link\" title=\"Read Privacy de\">Read more &raquo;<\/a><\/p>\n","protected":false},"author":4719,"featured_media":914,"parent":0,"menu_order":0,"comment_status":"open","ping_status":"open","template":"","meta":{"_expiration-date-status":"saved","_expiration-date":0,"_expiration-date-type":"","_expiration-date-categories":[],"_expiration-date-options":[]},"acf":[],"_links":{"self":[{"href":"https:\/\/hotel-atlantic.clienti7.editatest.com\/de\/wp-json\/wp\/v2\/pages\/4726"}],"collection":[{"href":"https:\/\/hotel-atlantic.clienti7.editatest.com\/de\/wp-json\/wp\/v2\/pages"}],"about":[{"href":"https:\/\/hotel-atlantic.clienti7.editatest.com\/de\/wp-json\/wp\/v2\/types\/page"}],"author":[{"embeddable":true,"href":"https:\/\/hotel-atlantic.clienti7.editatest.com\/de\/wp-json\/wp\/v2\/users\/4719"}],"replies":[{"embeddable":true,"href":"https:\/\/hotel-atlantic.clienti7.editatest.com\/de\/wp-json\/wp\/v2\/comments?post=4726"}],"version-history":[{"count":0,"href":"https:\/\/hotel-atlantic.clienti7.editatest.com\/de\/wp-json\/wp\/v2\/pages\/4726\/revisions"}],"wp:featuredmedia":[{"embeddable":true,"href":"https:\/\/hotel-atlantic.clienti7.editatest.com\/de\/wp-json\/wp\/v2\/media\/914"}],"wp:attachment":[{"href":"https:\/\/hotel-atlantic.clienti7.editatest.com\/de\/wp-json\/wp\/v2\/media?parent=4726"}],"curies":[{"name":"wp","href":"https:\/\/api.w.org\/{rel}","templated":true}]}}