
{"id":6851,"date":"2019-03-05T16:43:07","date_gmt":"2019-03-05T15:43:07","guid":{"rendered":"http:\/\/atlantic.marcovolpe.com\/?page_id=6851"},"modified":"2022-06-09T10:38:58","modified_gmt":"2022-06-09T08:38:58","slug":"atlantic-spa-riccione","status":"publish","type":"page","link":"https:\/\/hotel-atlantic.clienti7.editatest.com\/de\/atlantic-spa-riccione.html","title":{"rendered":"Atlantic Spa Riccione"},"content":{"rendered":"<h3 id=\"tw-target-text\" class=\"tw-data-text vk_txt tw-ta tw-text-small\" dir=\"ltr\" data-placeholder=\"Traduzione\"><span lang=\"de\">Das Gef\u00fchl von authentischen Meerwasser zu sein Atlantic Spa bietet angenehme Momente der Wellness, Sch\u00f6nheit und Entspannung in einer charmanten und elegant. <\/span><\/h3>\n<p class=\"tw-data-text vk_txt tw-ta tw-text-small\" dir=\"ltr\" data-placeholder=\"Traduzione\" class=\"lead\" class=\"lead\"><span lang=\"de\">Unter Hallenschwimmbecken, Whirlpools authentisch Meerwasser, Thalassotherapie, Sauna und Beauty-Center wird in der Lage sein, unsere Wellness Day Spa Routen genie\u00dfen. <\/span><\/p>\n<p class=\"tw-data-text vk_txt tw-ta tw-text-small\" dir=\"ltr\" data-placeholder=\"Traduzione\"><span lang=\"de\">Sie k\u00f6nnen Atlantic Spa f\u00fcr ein paar Stunden der pers\u00f6nlichen Entspannung, f\u00fcr romantische Momente zu zweit oder f\u00fcr einen exklusiven Private Spa Abend w\u00e4hlen . <\/span><\/p>\n<p class=\"tw-data-text vk_txt tw-ta tw-text-small\" dir=\"ltr\" data-placeholder=\"Traduzione\"><span lang=\"de\">F\u00e4higkeiten, die Vorbereitung und Empfindlichkeit unterscheiden unsere Massagen und Behandlungen f\u00fcr Ihre Sch\u00f6nheit. <\/span><\/p>\n<h3 class=\"tw-data-text vk_txt tw-ta tw-text-small\" dir=\"ltr\" data-placeholder=\"Traduzione\"><span lang=\"de\">Kontaktieren Sie uns Ihre Day Spa, Massage oder Beauty-Behandlung zu reservieren, die es vorziehen : jeden Tag , von 10 bis 20 , bei 0541 1780815 .<\/span><\/h3>\n","protected":false},"excerpt":{"rendered":"<p>Das Gef\u00fchl von authentischen Meerwasser zu sein Atlantic Spa bietet angenehme Momente der Wellness, Sch\u00f6nheit und Entspannung in einer charmanten und elegant. Unter Hallenschwimmbecken, Whirlpools authentisch Meerwasser, Thalassotherapie, Sauna und Beauty-Center wird in der Lage sein, unsere Wellness Day Spa Routen genie\u00dfen. Sie k\u00f6nnen Atlantic Spa f\u00fcr ein paar Stunden der pers\u00f6nlichen Entspannung, f\u00fcr romantische...  <a href=\"https:\/\/hotel-atlantic.clienti7.editatest.com\/de\/atlantic-spa-riccione.html\" class=\"more-link\" title=\"Read Atlantic Spa Riccione\">Read more &raquo;<\/a><\/p>\n","protected":false},"author":18,"featured_media":10294,"parent":0,"menu_order":0,"comment_status":"closed","ping_status":"closed","template":"page-homepage-spa.php","meta":{"_expiration-date-status":"saved","_expiration-date":0,"_expiration-date-type":"","_expiration-date-categories":[],"_expiration-date-options":[]},"acf":[],"_links":{"self":[{"href":"https:\/\/hotel-atlantic.clienti7.editatest.com\/de\/wp-json\/wp\/v2\/pages\/6851"}],"collection":[{"href":"https:\/\/hotel-atlantic.clienti7.editatest.com\/de\/wp-json\/wp\/v2\/pages"}],"about":[{"href":"https:\/\/hotel-atlantic.clienti7.editatest.com\/de\/wp-json\/wp\/v2\/types\/page"}],"author":[{"embeddable":true,"href":"https:\/\/hotel-atlantic.clienti7.editatest.com\/de\/wp-json\/wp\/v2\/users\/18"}],"replies":[{"embeddable":true,"href":"https:\/\/hotel-atlantic.clienti7.editatest.com\/de\/wp-json\/wp\/v2\/comments?post=6851"}],"version-history":[{"count":1,"href":"https:\/\/hotel-atlantic.clienti7.editatest.com\/de\/wp-json\/wp\/v2\/pages\/6851\/revisions"}],"predecessor-version":[{"id":45382,"href":"https:\/\/hotel-atlantic.clienti7.editatest.com\/de\/wp-json\/wp\/v2\/pages\/6851\/revisions\/45382"}],"wp:featuredmedia":[{"embeddable":true,"href":"https:\/\/hotel-atlantic.clienti7.editatest.com\/de\/wp-json\/wp\/v2\/media\/10294"}],"wp:attachment":[{"href":"https:\/\/hotel-atlantic.clienti7.editatest.com\/de\/wp-json\/wp\/v2\/media?parent=6851"}],"curies":[{"name":"wp","href":"https:\/\/api.w.org\/{rel}","templated":true}]}}