
{"id":9560,"date":"2023-01-17T16:48:33","date_gmt":"2023-01-17T15:48:33","guid":{"rendered":"https:\/\/hotel-atlantic.clienti7.editatest.com\/newwp\/?page_id=9560"},"modified":"2023-01-18T11:50:10","modified_gmt":"2023-01-18T10:50:10","slug":"atlantic-hotel-riccione-2-2-3-2","status":"publish","type":"page","link":"https:\/\/hotel-atlantic.clienti7.editatest.com\/de","title":{"rendered":"Atlantic Hotel Riccione"},"content":{"rendered":"<h2>ATLANTIC HOTEL RICCIONE, WILLKOMMEN DAS IHRE RESORT AUF DER K\u00dcSTE<\/h2>\n<h3>Der Atlantic seit \u00fcber 50 Jahren bietet t\u00e4glich Jahr stilvoll und pr\u00e4zise Gastfreundschaft , komfortabel und inspirierte Wellness.<\/h3>\n<blockquote><p class=\"lead\" class=\"lead\">Entdecken Sie das Vergn\u00fcgen des Lebens am Meer und am Strand zu entspannen , genie\u00dfen Sie das Zentrum von Riccione , erholen Sie sich in <a href=\"https:\/\/hotel-atlantic.clienti7.editatest.com\/de\/atlantic-spa-riccione.html\">der neuen Atlantic Spa<\/a> und <a href=\"https:\/\/hotel-atlantic.clienti7.editatest.com\/de\/pool-und-wellness\/atlantjde.html\">exklusive Pools mit authentischen Meerwasser<\/a> .<\/p>\n<p>Die \u00dcberraschung ist die Qualit\u00e4t von <a href=\"https:\/\/hotel-atlantic.clienti7.editatest.com\/de\/restaurant-2.html\">Restaurant Green<\/a> , den Reichtum der Gro\u00dfen Fr\u00fchst\u00fcck , die Atmosph\u00e4re von Atlantic Spa und die vielen anderen M\u00f6glichkeiten, die nur den Atlantik zu bieten hat.<\/p>\n<p><strong>Erstellen Sie Ihren idealen Aufenthalt mit einem Klick : W\u00e4hlen Sie Ihre Lieblings- Zimmer oder einer Suite<\/strong> und buchen Seine Momente der Entspannung , Wohlbefinden und Geschmack in wenigen Sekunden , sicher und Bestpreis-Garantie.<\/p><\/blockquote>\n","protected":false},"excerpt":{"rendered":"<p>ATLANTIC HOTEL RICCIONE, WILLKOMMEN DAS IHRE RESORT AUF DER K\u00dcSTE Der Atlantic seit \u00fcber 50 Jahren bietet t\u00e4glich Jahr stilvoll und pr\u00e4zise Gastfreundschaft , komfortabel und inspirierte Wellness. Entdecken Sie das Vergn\u00fcgen des Lebens am Meer und am Strand zu entspannen , genie\u00dfen Sie das Zentrum von Riccione , erholen Sie sich in der neuen...  <a href=\"https:\/\/hotel-atlantic.clienti7.editatest.com\/de\" class=\"more-link\" title=\"Read Atlantic Hotel Riccione\">Read more &raquo;<\/a><\/p>\n","protected":false},"author":4719,"featured_media":40374,"parent":0,"menu_order":0,"comment_status":"closed","ping_status":"closed","template":"page-homepage.php","meta":{"_expiration-date-status":"saved","_expiration-date":0,"_expiration-date-type":"","_expiration-date-categories":[],"_expiration-date-options":[]},"acf":[],"_links":{"self":[{"href":"https:\/\/hotel-atlantic.clienti7.editatest.com\/de\/wp-json\/wp\/v2\/pages\/9560"}],"collection":[{"href":"https:\/\/hotel-atlantic.clienti7.editatest.com\/de\/wp-json\/wp\/v2\/pages"}],"about":[{"href":"https:\/\/hotel-atlantic.clienti7.editatest.com\/de\/wp-json\/wp\/v2\/types\/page"}],"author":[{"embeddable":true,"href":"https:\/\/hotel-atlantic.clienti7.editatest.com\/de\/wp-json\/wp\/v2\/users\/4719"}],"replies":[{"embeddable":true,"href":"https:\/\/hotel-atlantic.clienti7.editatest.com\/de\/wp-json\/wp\/v2\/comments?post=9560"}],"version-history":[{"count":1,"href":"https:\/\/hotel-atlantic.clienti7.editatest.com\/de\/wp-json\/wp\/v2\/pages\/9560\/revisions"}],"predecessor-version":[{"id":43697,"href":"https:\/\/hotel-atlantic.clienti7.editatest.com\/de\/wp-json\/wp\/v2\/pages\/9560\/revisions\/43697"}],"wp:featuredmedia":[{"embeddable":true,"href":"https:\/\/hotel-atlantic.clienti7.editatest.com\/de\/wp-json\/wp\/v2\/media\/40374"}],"wp:attachment":[{"href":"https:\/\/hotel-atlantic.clienti7.editatest.com\/de\/wp-json\/wp\/v2\/media?parent=9560"}],"curies":[{"name":"wp","href":"https:\/\/api.w.org\/{rel}","templated":true}]}}