
{"id":6850,"date":"2016-03-20T14:52:26","date_gmt":"2016-03-20T13:52:26","guid":{"rendered":"http:\/\/atlantic.marcovolpe.com\/?page_id=6850"},"modified":"2016-03-29T10:27:51","modified_gmt":"2016-03-29T08:27:51","slug":"atlantic-spa-2","status":"publish","type":"page","link":"https:\/\/hotel-atlantic.clienti7.editatest.com\/fr\/atlantic-spa-2.html","title":{"rendered":"Atlantic SPA"},"content":{"rendered":"<h3>L'\u00e9motion du bien-\u00eatre par l'eau de mer authentique<\/h3>\n<p class=\"lead\" class=\"lead\">&nbsp;<\/p>\n<p>Spa Atlantic propose d'agr\u00e9ables moments de bien-\u00eatre, beaut\u00e9 et d\u00e9tente dans une charmante et \u00e9l\u00e9gante atmosph\u00e8re.<\/p>\n<p>Parmi les piscines int\u00e9rieures, des tourbillons d'eau de mer authentique, thalassoth\u00e9rapie, sauna et centre de beaut\u00e9 seront en mesure de profiter de nos programmes de bien-\u00eatre .<\/p>\n<p>Vous pouvez choisir Spa Atlantic pour quelques heures de d\u00e9tente personnelle, pour romantique moments ou pour une exclusif soir\u00e9e priv\u00e9e en Spa.<\/p>\n<p>Comp\u00e9tences, pr\u00e9paration et sensibilit\u00e9 distinguent nos massages et de soins pour votre beaut\u00e9.<\/p>\n<h5>Contactez-nous pour r\u00e9server votre programme spa, un massage ou un soin de beaut\u00e9 qui pr\u00e9f\u00e8rez: tous les jours, de 10 \u00e0 20, au 0541 1780815.<\/h5>\n","protected":false},"excerpt":{"rendered":"<p>L'\u00e9motion du bien-\u00eatre par l'eau de mer authentique &nbsp; Spa Atlantic propose d'agr\u00e9ables moments de bien-\u00eatre, beaut\u00e9 et d\u00e9tente dans une charmante et \u00e9l\u00e9gante atmosph\u00e8re. Parmi les piscines int\u00e9rieures, des tourbillons d'eau de mer authentique, thalassoth\u00e9rapie, sauna et centre de beaut\u00e9 seront en mesure de profiter de nos programmes de bien-\u00eatre . Vous pouvez choisir...  <a href=\"https:\/\/hotel-atlantic.clienti7.editatest.com\/fr\/atlantic-spa-2.html\" class=\"more-link\" title=\"Read Atlantic SPA\">Read more &raquo;<\/a><\/p>\n","protected":false},"author":4719,"featured_media":10294,"parent":0,"menu_order":0,"comment_status":"closed","ping_status":"closed","template":"page-homepage-spa.php","meta":{"_expiration-date-status":"saved","_expiration-date":0,"_expiration-date-type":"","_expiration-date-categories":[],"_expiration-date-options":[]},"acf":[],"_links":{"self":[{"href":"https:\/\/hotel-atlantic.clienti7.editatest.com\/fr\/wp-json\/wp\/v2\/pages\/6850"}],"collection":[{"href":"https:\/\/hotel-atlantic.clienti7.editatest.com\/fr\/wp-json\/wp\/v2\/pages"}],"about":[{"href":"https:\/\/hotel-atlantic.clienti7.editatest.com\/fr\/wp-json\/wp\/v2\/types\/page"}],"author":[{"embeddable":true,"href":"https:\/\/hotel-atlantic.clienti7.editatest.com\/fr\/wp-json\/wp\/v2\/users\/4719"}],"replies":[{"embeddable":true,"href":"https:\/\/hotel-atlantic.clienti7.editatest.com\/fr\/wp-json\/wp\/v2\/comments?post=6850"}],"version-history":[{"count":0,"href":"https:\/\/hotel-atlantic.clienti7.editatest.com\/fr\/wp-json\/wp\/v2\/pages\/6850\/revisions"}],"wp:featuredmedia":[{"embeddable":true,"href":"https:\/\/hotel-atlantic.clienti7.editatest.com\/fr\/wp-json\/wp\/v2\/media\/10294"}],"wp:attachment":[{"href":"https:\/\/hotel-atlantic.clienti7.editatest.com\/fr\/wp-json\/wp\/v2\/media?parent=6850"}],"curies":[{"name":"wp","href":"https:\/\/api.w.org\/{rel}","templated":true}]}}