
{"id":776,"date":"2022-03-03T10:42:09","date_gmt":"2022-03-03T09:42:09","guid":{"rendered":"http:\/\/atlantic.marcovolpe.com\/?page_id=776"},"modified":"2022-03-12T18:03:20","modified_gmt":"2022-03-12T17:03:20","slug":"webcam","status":"publish","type":"page","link":"https:\/\/hotel-atlantic.clienti7.editatest.com\/fr\/webcam.html","title":{"rendered":"Atlantic Webcam Riccione"},"content":{"rendered":"<p class=\"lead\" class=\"lead\"><span class=\"h1\">ATLANTIC WEBCAM RICCIONE<\/span><\/p>\n<hr \/>\n<h3>La Webcam Atlantic transmet les plus belles images de Riccione : le Lungomare, la plage et la mer.<\/h3>\n<p>Chaque jour en direct 24 heures. Profitez de la vue et commencez \u00e0 r\u00eaver de vos vacances \u00e0 l'Atlantic Hotel &amp; Spa de Riccione !<\/p>\n<hr \/>\n<blockquote><p>La vision en direct de la Webcam Atlantic Vue Mer est un service gratuit r\u00e9serv\u00e9 aux lecteurs de l\u2019Atlantic Magazine.<\/p>\n<p>Vous pouvez activer ce service en entrant votre e-mail ou en vous inscrivant, d\u00e8s maintenant et sans engagement.<\/p>\n<p>Bonne vision!<\/p><\/blockquote>\n<p>&nbsp;<\/p>\n<iframe src=\"https:\/\/www.hotel-atlantic.com\/live\/\" frameborder=\"0\" width=\"100%\" height=\"650\" class=\"video-webcam\"><\/iframe>\n","protected":false},"excerpt":{"rendered":"<p>ATLANTIC WEBCAM RICCIONE La Webcam Atlantic transmet les plus belles images de Riccione : le Lungomare, la plage et la mer. Chaque jour en direct 24 heures. Profitez de la vue et commencez \u00e0 r\u00eaver de vos vacances \u00e0 l'Atlantic Hotel &amp; Spa de Riccione ! La vision en direct de la Webcam Atlantic Vue...  <a href=\"https:\/\/hotel-atlantic.clienti7.editatest.com\/fr\/webcam.html\" class=\"more-link\" title=\"Read Atlantic Webcam Riccione\">Read more &raquo;<\/a><\/p>\n","protected":false},"author":4719,"featured_media":914,"parent":0,"menu_order":0,"comment_status":"closed","ping_status":"closed","template":"page-mv-builder.php","meta":{"_expiration-date-status":"saved","_expiration-date":0,"_expiration-date-type":"","_expiration-date-categories":[],"_expiration-date-options":[]},"acf":[],"_links":{"self":[{"href":"https:\/\/hotel-atlantic.clienti7.editatest.com\/fr\/wp-json\/wp\/v2\/pages\/776"}],"collection":[{"href":"https:\/\/hotel-atlantic.clienti7.editatest.com\/fr\/wp-json\/wp\/v2\/pages"}],"about":[{"href":"https:\/\/hotel-atlantic.clienti7.editatest.com\/fr\/wp-json\/wp\/v2\/types\/page"}],"author":[{"embeddable":true,"href":"https:\/\/hotel-atlantic.clienti7.editatest.com\/fr\/wp-json\/wp\/v2\/users\/4719"}],"replies":[{"embeddable":true,"href":"https:\/\/hotel-atlantic.clienti7.editatest.com\/fr\/wp-json\/wp\/v2\/comments?post=776"}],"version-history":[{"count":2,"href":"https:\/\/hotel-atlantic.clienti7.editatest.com\/fr\/wp-json\/wp\/v2\/pages\/776\/revisions"}],"predecessor-version":[{"id":43737,"href":"https:\/\/hotel-atlantic.clienti7.editatest.com\/fr\/wp-json\/wp\/v2\/pages\/776\/revisions\/43737"}],"wp:featuredmedia":[{"embeddable":true,"href":"https:\/\/hotel-atlantic.clienti7.editatest.com\/fr\/wp-json\/wp\/v2\/media\/914"}],"wp:attachment":[{"href":"https:\/\/hotel-atlantic.clienti7.editatest.com\/fr\/wp-json\/wp\/v2\/media?parent=776"}],"curies":[{"name":"wp","href":"https:\/\/api.w.org\/{rel}","templated":true}]}}