
{"id":787,"date":"2013-09-03T10:49:58","date_gmt":"2013-09-03T10:49:58","guid":{"rendered":"http:\/\/atlantic.marcovolpe.com\/?page_id=787"},"modified":"2015-06-25T12:25:34","modified_gmt":"2015-06-25T10:25:34","slug":"position-privilegiee","status":"publish","type":"page","link":"https:\/\/hotel-atlantic.clienti7.editatest.com\/fr\/position-privilegiee.html","title":{"rendered":"Position Privil\u00e9gi\u00e9e"},"content":{"rendered":"<h2>Position Privil\u00e9gi\u00e9e, Atlantic H\u00f4tel Riccione<\/h2>\n<p class=\"lead\" class=\"lead\">&nbsp;<\/p>\n<p>Dans le choix d\u2019un\u00a0<strong>h\u00f4tel parfait<\/strong>, la position joue un r\u00f4le fondamental.<\/p>\n<p>L'Atlantic jouit d\u2019une\u00a0<strong>excellente situation<\/strong>: construit\u00a0<strong>sur la promenade pi\u00e9tonne du bord de me<\/strong>r, il domine la plage et se trouve en plein centre, \u00e0 quelques pas de la c\u00e9l\u00e8bre art\u00e8re du\u00a0<strong>Viale Ceccarini<\/strong>.<\/p>\n<p>Malgr\u00e9 cela, il est facilement accessible tant\u00a0<strong>en voiture\u00a0<\/strong>(1 km de la sortie d\u2019autoroute) qu\u2019en\u00a0<strong>train\u00a0<\/strong>(500 m\u00e8tres), et se trouve tout pr\u00e8s de l\u2019<strong>a\u00e9roport de Rimini<\/strong>\u00a0(5 km).<\/p>\n<p>Les\u00a0<strong>clients en voyage d\u2019affaires\u00a0<\/strong>ou de travail appr\u00e9cieront particuli\u00e8rement le voisinage imm\u00e9diat du\u00a0<strong>Palais des Congr\u00e8s\u00a0<\/strong>(300 m\u00e8tres, 5 minutes \u00e0 pied) ainsi que la possibilit\u00e9 de rejoindre la\u00a0<strong>Foire de Rimini<\/strong>\u00a0(15 km) en moins d\u2019une demi-heure.<\/p>\n<p><strong>La plage<br \/>\n<\/strong>En face de l\u2019Atlantic, en quelques instants, sans rues \u00e0 traverser.<\/p>\n<p><strong>Viale Ceccarini<br \/>\n<\/strong>\u00c0 \u00e0 300 m\u00e8tres de l\u2019Atlantic, 5 minutes \u00e0 pied, sur la promenade pi\u00e9tonne du bord de mer.<\/p>\n<p><strong>Le Palais des Congr\u00e8s<br \/>\n<\/strong>\u00c0 \u00e0 300 m\u00e8tres de l\u2019Atlantic, 5 minutes, en se promenant dans les jardins.<\/p>\n<p><strong>La gare de chemin de fer<br \/>\n\u00c0\u00a0<\/strong>500 m\u00e8tres de l\u2019Atlantic, 10 minutes \u00e0 pied, 5 en taxi ou avec la limousine de l\u2019h\u00f4tel.<\/p>\n<p><strong>L\u2019Autoroute A14<br \/>\n<\/strong>\u00c0 1 kilom\u00e8tre de l\u2019Atlantic, 5 minutes de voiture de la sortie de Riccione.<\/p>\n<p><iframe loading=\"lazy\" src=\"\/\/www.youtube.com\/embed\/wh7GfI84tjE\" width=\"710\" height=\"400\" frameborder=\"0\" allowfullscreen=\"allowfullscreen\"><\/iframe><\/p>\n","protected":false},"excerpt":{"rendered":"<p>Position Privil\u00e9gi\u00e9e, Atlantic H\u00f4tel Riccione &nbsp; Dans le choix d\u2019un\u00a0h\u00f4tel parfait, la position joue un r\u00f4le fondamental. L'Atlantic jouit d\u2019une\u00a0excellente situation: construit\u00a0sur la promenade pi\u00e9tonne du bord de mer, il domine la plage et se trouve en plein centre, \u00e0 quelques pas de la c\u00e9l\u00e8bre art\u00e8re du\u00a0Viale Ceccarini. Malgr\u00e9 cela, il est facilement accessible tant\u00a0en...  <a href=\"https:\/\/hotel-atlantic.clienti7.editatest.com\/fr\/position-privilegiee.html\" class=\"more-link\" title=\"Read Position Privil\u00e9gi\u00e9e\">Read more &raquo;<\/a><\/p>\n","protected":false},"author":4719,"featured_media":0,"parent":0,"menu_order":0,"comment_status":"open","ping_status":"open","template":"","meta":{"_expiration-date-status":"saved","_expiration-date":0,"_expiration-date-type":"","_expiration-date-categories":[],"_expiration-date-options":[]},"acf":[],"_links":{"self":[{"href":"https:\/\/hotel-atlantic.clienti7.editatest.com\/fr\/wp-json\/wp\/v2\/pages\/787"}],"collection":[{"href":"https:\/\/hotel-atlantic.clienti7.editatest.com\/fr\/wp-json\/wp\/v2\/pages"}],"about":[{"href":"https:\/\/hotel-atlantic.clienti7.editatest.com\/fr\/wp-json\/wp\/v2\/types\/page"}],"author":[{"embeddable":true,"href":"https:\/\/hotel-atlantic.clienti7.editatest.com\/fr\/wp-json\/wp\/v2\/users\/4719"}],"replies":[{"embeddable":true,"href":"https:\/\/hotel-atlantic.clienti7.editatest.com\/fr\/wp-json\/wp\/v2\/comments?post=787"}],"version-history":[{"count":0,"href":"https:\/\/hotel-atlantic.clienti7.editatest.com\/fr\/wp-json\/wp\/v2\/pages\/787\/revisions"}],"wp:attachment":[{"href":"https:\/\/hotel-atlantic.clienti7.editatest.com\/fr\/wp-json\/wp\/v2\/media?parent=787"}],"curies":[{"name":"wp","href":"https:\/\/api.w.org\/{rel}","templated":true}]}}