
{"id":829,"date":"2021-05-03T15:27:34","date_gmt":"2021-05-03T13:27:34","guid":{"rendered":"http:\/\/atlantic.marcovolpe.com\/?page_id=829"},"modified":"2021-05-09T11:47:01","modified_gmt":"2021-05-09T09:47:01","slug":"restaurant-fr","status":"publish","type":"page","link":"https:\/\/hotel-atlantic.clienti7.editatest.com\/fr\/restaurant-fr.html","title":{"rendered":"Restaurant"},"content":{"rendered":"<p style=\"text-align: center;\" class=\"lead\" class=\"lead\"><a href=\"https:\/\/hotel-atlantic.clienti7.editatest.com\/wp-content\/uploads\/2013\/08\/marchio_green_restaurant_300px.gif\"><img loading=\"lazy\" class=\"wp-image-335 aligncenter\" src=\"https:\/\/hotel-atlantic.clienti7.editatest.com\/wp-content\/uploads\/2013\/08\/marchio_green_restaurant_300px.gif\" alt=\"marchio_green_restaurant_300px\" width=\"200\" height=\"131\" \/><\/a><\/p>\n<p>&nbsp;<\/p>\n<p>&nbsp;<\/p>\n<h3><strong>Bienvenue au\u00a0<strong>Green<\/strong>, le principal restaurant de l\u2019Atlantic qui, comme l\u2019h\u00f4tel qui l'accueille, est ouvert toute l\u2019ann\u00e9e.<\/strong><\/h3>\n<blockquote><p>Il ouvre sur la mer et refl\u00e8te la tradition m\u00e9diterran\u00e9enne, tant dans l\u2019ambiance que dans la\u00a0<strong>cuisine du chef Pasquale Riccio.<\/strong><\/p><\/blockquote>\n<p>Il offre une\u00a0<strong>atmosph\u00e8re \u00e9l\u00e9gante et accueillante<\/strong>, au sein de laquelle le service de haut niveau et le soin de la cuisine rendent tout d\u00e9jeuner et tout d\u00eener inoubliables.<\/p>\n","protected":false},"excerpt":{"rendered":"<p>&nbsp; &nbsp; Bienvenue au\u00a0Green, le principal restaurant de l\u2019Atlantic qui, comme l\u2019h\u00f4tel qui l'accueille, est ouvert toute l\u2019ann\u00e9e. Il ouvre sur la mer et refl\u00e8te la tradition m\u00e9diterran\u00e9enne, tant dans l\u2019ambiance que dans la\u00a0cuisine du chef Pasquale Riccio. Il offre une\u00a0atmosph\u00e8re \u00e9l\u00e9gante et accueillante, au sein de laquelle le service de haut niveau et le...  <a href=\"https:\/\/hotel-atlantic.clienti7.editatest.com\/fr\/restaurant-fr.html\" class=\"more-link\" title=\"Read Restaurant\">Read more &raquo;<\/a><\/p>\n","protected":false},"author":4719,"featured_media":38902,"parent":0,"menu_order":0,"comment_status":"open","ping_status":"closed","template":"page-mv-builder-ristorante.php","meta":{"_expiration-date-status":"saved","_expiration-date":0,"_expiration-date-type":"","_expiration-date-categories":[],"_expiration-date-options":[]},"acf":[],"_links":{"self":[{"href":"https:\/\/hotel-atlantic.clienti7.editatest.com\/fr\/wp-json\/wp\/v2\/pages\/829"}],"collection":[{"href":"https:\/\/hotel-atlantic.clienti7.editatest.com\/fr\/wp-json\/wp\/v2\/pages"}],"about":[{"href":"https:\/\/hotel-atlantic.clienti7.editatest.com\/fr\/wp-json\/wp\/v2\/types\/page"}],"author":[{"embeddable":true,"href":"https:\/\/hotel-atlantic.clienti7.editatest.com\/fr\/wp-json\/wp\/v2\/users\/4719"}],"replies":[{"embeddable":true,"href":"https:\/\/hotel-atlantic.clienti7.editatest.com\/fr\/wp-json\/wp\/v2\/comments?post=829"}],"version-history":[{"count":0,"href":"https:\/\/hotel-atlantic.clienti7.editatest.com\/fr\/wp-json\/wp\/v2\/pages\/829\/revisions"}],"wp:featuredmedia":[{"embeddable":true,"href":"https:\/\/hotel-atlantic.clienti7.editatest.com\/fr\/wp-json\/wp\/v2\/media\/38902"}],"wp:attachment":[{"href":"https:\/\/hotel-atlantic.clienti7.editatest.com\/fr\/wp-json\/wp\/v2\/media?parent=829"}],"curies":[{"name":"wp","href":"https:\/\/api.w.org\/{rel}","templated":true}]}}