
{"id":853,"date":"2013-09-03T16:19:48","date_gmt":"2013-09-03T16:19:48","guid":{"rendered":"http:\/\/atlantic.marcovolpe.com\/?page_id=853"},"modified":"2016-10-02T11:54:28","modified_gmt":"2016-10-02T09:54:28","slug":"piscines-et-bien-etre","status":"publish","type":"page","link":"https:\/\/hotel-atlantic.clienti7.editatest.com\/fr\/piscines-et-bien-etre.html","title":{"rendered":"Piscines et Bien-\u00eatre"},"content":{"rendered":"<p class=\"lead\" class=\"lead\">&nbsp;<\/p>\n<p>La recherche de<strong>\u00a0conforts et de services\u00a0<\/strong>toujours plus agr\u00e9ables et exclusifs repr\u00e9sente l\u2019un des musts de notre style d\u2019hospitalit\u00e9.<\/p>\n<p><strong>Atlantjde<\/strong>, par exemple, est un espace de bien-\u00eatre, unique en son genre, qui offre bien-\u00eatre, d\u00e9tente et divertissement sans solution de continuit\u00e9.<\/p>\n<p><strong>Des piscines d\u2019eau de mer \u00e0 30\u00b0<\/strong>, une zone de fitness, un sauna et un hydromassage \u00e0 37\u00b0 seront \u00e0 votre disposition gratuite tous les jours, de 8h \u00e0 20h.<\/p>\n<p>Plonger dans\u00a0<strong>l\u2019eau de mer \u00e9pur\u00e9e et chauff\u00e9e \u00e0 30\u00b0\u00a0<\/strong>est une exclusivit\u00e9 Atlantic.<\/p>\n<p>De plus, gr\u00e2ce \u00e0 un<strong>\u00a0innovant syst\u00e8me de couverture t\u00e9lescopique en cristal<\/strong>, l\u2019Atlantic vous permet de jouir de ces service m\u00eame en plein hiver.<\/p>\n<p>De l\u2019automne au printemps,<strong>\u00a0Atlantjde devient une oasis de d\u00e9tente au sein de laquelle<\/strong>\u00a0tout est agr\u00e9ablement chaud et accueillant: l\u2019eau, l\u2019air et les sols sont chauff\u00e9s \u00e0 30\u00b0 m\u00eame lorsque la temp\u00e9rature ext\u00e9rieure est plus rigide.<\/p>\n<p>Naturellement, tous les\u00a0<strong>services de Atlantjde<\/strong>\u00a0sont exclusivement r\u00e9serv\u00e9s aux h\u00f4tes de l'Atlantic Hotel.<\/p>\n<p>&nbsp;<\/p>\n<p><strong>Cours de Natation et d\u2019Aquagym\u00a0<\/strong><br \/>\nLe professionnalisme et la courtoisie de notre staff sp\u00e9cialis\u00e9 sont \u00e9galement \u00e0 votre service sur la piscine: vous disposez en effet de la possibilit\u00e9 de r\u00e9server un cours de natation, pour enfants ou pour adultes, donn\u00e9 par notre instructeur F.I.N. officiel.<br \/>\nP\u00e9riodiquement ou sur r\u00e9servation, des cours d\u2019aquagym sont \u00e9galement organis\u00e9s.<\/p>\n<p>&nbsp;<\/p>\n<p>&nbsp;<\/p>\n","protected":false},"excerpt":{"rendered":"<p>&nbsp; La recherche de\u00a0conforts et de services\u00a0toujours plus agr\u00e9ables et exclusifs repr\u00e9sente l\u2019un des musts de notre style d\u2019hospitalit\u00e9. Atlantjde, par exemple, est un espace de bien-\u00eatre, unique en son genre, qui offre bien-\u00eatre, d\u00e9tente et divertissement sans solution de continuit\u00e9. Des piscines d\u2019eau de mer \u00e0 30\u00b0, une zone de fitness, un sauna et...  <a href=\"https:\/\/hotel-atlantic.clienti7.editatest.com\/fr\/piscines-et-bien-etre.html\" class=\"more-link\" title=\"Read Piscines et Bien-\u00eatre\">Read more &raquo;<\/a><\/p>\n","protected":false},"author":4719,"featured_media":13541,"parent":0,"menu_order":0,"comment_status":"open","ping_status":"closed","template":"page-mv-builder.php","meta":{"_expiration-date-status":"saved","_expiration-date":0,"_expiration-date-type":"","_expiration-date-categories":[],"_expiration-date-options":[]},"acf":[],"_links":{"self":[{"href":"https:\/\/hotel-atlantic.clienti7.editatest.com\/fr\/wp-json\/wp\/v2\/pages\/853"}],"collection":[{"href":"https:\/\/hotel-atlantic.clienti7.editatest.com\/fr\/wp-json\/wp\/v2\/pages"}],"about":[{"href":"https:\/\/hotel-atlantic.clienti7.editatest.com\/fr\/wp-json\/wp\/v2\/types\/page"}],"author":[{"embeddable":true,"href":"https:\/\/hotel-atlantic.clienti7.editatest.com\/fr\/wp-json\/wp\/v2\/users\/4719"}],"replies":[{"embeddable":true,"href":"https:\/\/hotel-atlantic.clienti7.editatest.com\/fr\/wp-json\/wp\/v2\/comments?post=853"}],"version-history":[{"count":0,"href":"https:\/\/hotel-atlantic.clienti7.editatest.com\/fr\/wp-json\/wp\/v2\/pages\/853\/revisions"}],"wp:featuredmedia":[{"embeddable":true,"href":"https:\/\/hotel-atlantic.clienti7.editatest.com\/fr\/wp-json\/wp\/v2\/media\/13541"}],"wp:attachment":[{"href":"https:\/\/hotel-atlantic.clienti7.editatest.com\/fr\/wp-json\/wp\/v2\/media?parent=853"}],"curies":[{"name":"wp","href":"https:\/\/api.w.org\/{rel}","templated":true}]}}