
{"id":9561,"date":"2021-02-27T16:49:03","date_gmt":"2021-02-27T15:49:03","guid":{"rendered":"https:\/\/hotel-atlantic.clienti7.editatest.com\/newwp\/?page_id=9561"},"modified":"2022-09-26T11:52:52","modified_gmt":"2022-09-26T09:52:52","slug":"atlantic-hotel-riccione-2-2-3-2","status":"publish","type":"page","link":"https:\/\/hotel-atlantic.clienti7.editatest.com\/fr","title":{"rendered":"Atlantic Hotel Riccione"},"content":{"rendered":"<h2>BIENVENUE CHEZ L'HOTEL ATLANTIC, VOTRE HOTEL EN FACE A'\u00a0LA MER A RICCIONE<\/h2>\n<hr \/>\n<p class=\"lead\" class=\"lead\">L'Atlantic pour plus de 50 ans offre tous les jours un'hospitalit\u00e9 \u00e9l\u00e9gante et pr\u00e9cise, confortable et inspir\u00e9 au bien-\u00eatre<\/p>\n<blockquote><p>D\u00e9couvrez le plaisir de vivre en bord de mer et de vous d\u00e9tendre sur la plage, de profiter du centre de Riccione o d'un s\u00e9jour dans le nouveau Spa et les exclusives piscines avec authentique eau de mer .<\/p>\n<p>La qualit\u00e9 du Restaurant Green, la richesse de notre d\u00e9jeuner, l'atmosph\u00e8re de le nuveau Atlantic Spa et les nombreuses autres possibilit\u00e9s que l'h\u00f4tel vous propose seront une agr\u00e9able surprise<\/p>\n<p><strong>Cr\u00e9ez votre s\u00e9jour id\u00e9al avec un clic: choisissez votre chambre pr\u00e9f\u00e9r\u00e9e ou suite et r\u00e9server votres\u00a0moments de d\u00e9tente, bien-\u00eatre et go\u00fbt en quelques secondes, en toute s\u00e9curit\u00e9 et au meilleur prix.<\/strong><\/p><\/blockquote>\n","protected":false},"excerpt":{"rendered":"<p>BIENVENUE CHEZ L'HOTEL ATLANTIC, VOTRE HOTEL EN FACE A'\u00a0LA MER A RICCIONE L'Atlantic pour plus de 50 ans offre tous les jours un'hospitalit\u00e9 \u00e9l\u00e9gante et pr\u00e9cise, confortable et inspir\u00e9 au bien-\u00eatre D\u00e9couvrez le plaisir de vivre en bord de mer et de vous d\u00e9tendre sur la plage, de profiter du centre de Riccione o d'un...  <a href=\"https:\/\/hotel-atlantic.clienti7.editatest.com\/fr\" class=\"more-link\" title=\"Read Atlantic Hotel Riccione\">Read more &raquo;<\/a><\/p>\n","protected":false},"author":4719,"featured_media":24576,"parent":0,"menu_order":0,"comment_status":"closed","ping_status":"closed","template":"page-homepage.php","meta":{"_expiration-date-status":"","_expiration-date":0,"_expiration-date-type":"","_expiration-date-categories":[],"_expiration-date-options":[]},"acf":[],"_links":{"self":[{"href":"https:\/\/hotel-atlantic.clienti7.editatest.com\/fr\/wp-json\/wp\/v2\/pages\/9561"}],"collection":[{"href":"https:\/\/hotel-atlantic.clienti7.editatest.com\/fr\/wp-json\/wp\/v2\/pages"}],"about":[{"href":"https:\/\/hotel-atlantic.clienti7.editatest.com\/fr\/wp-json\/wp\/v2\/types\/page"}],"author":[{"embeddable":true,"href":"https:\/\/hotel-atlantic.clienti7.editatest.com\/fr\/wp-json\/wp\/v2\/users\/4719"}],"replies":[{"embeddable":true,"href":"https:\/\/hotel-atlantic.clienti7.editatest.com\/fr\/wp-json\/wp\/v2\/comments?post=9561"}],"version-history":[{"count":1,"href":"https:\/\/hotel-atlantic.clienti7.editatest.com\/fr\/wp-json\/wp\/v2\/pages\/9561\/revisions"}],"predecessor-version":[{"id":46996,"href":"https:\/\/hotel-atlantic.clienti7.editatest.com\/fr\/wp-json\/wp\/v2\/pages\/9561\/revisions\/46996"}],"wp:featuredmedia":[{"embeddable":true,"href":"https:\/\/hotel-atlantic.clienti7.editatest.com\/fr\/wp-json\/wp\/v2\/media\/24576"}],"wp:attachment":[{"href":"https:\/\/hotel-atlantic.clienti7.editatest.com\/fr\/wp-json\/wp\/v2\/media?parent=9561"}],"curies":[{"name":"wp","href":"https:\/\/api.w.org\/{rel}","templated":true}]}}