
{"id":9616,"date":"2015-03-13T16:05:51","date_gmt":"2015-03-13T15:05:51","guid":{"rendered":"https:\/\/hotel-atlantic.clienti7.editatest.com\/newwp\/?page_id=9616"},"modified":"2015-06-25T10:40:23","modified_gmt":"2015-06-25T08:40:23","slug":"atlantic-virtual-tour-fr","status":"publish","type":"page","link":"https:\/\/hotel-atlantic.clienti7.editatest.com\/fr\/atlantic-virtual-tour-fr.html","title":{"rendered":"Atlantic Virtual Tour"},"content":{"rendered":"<p class=\"lead\" class=\"lead\"><strong>Vous pouvez explorer l'Atlantique avec la visite virtuelle de l'h\u00f4tel: d\u00e9couvrir la principale de l'Atlantique , de la r\u00e9ception au restaurant, la nouvelle plate-forme Spa Piscine Atlantjde, puis dans les chambres et suites.<\/strong><\/p>\n<p><iframe loading=\"lazy\" src=\"https:\/\/maps.google.com\/maps?layer=c&amp;panoid=s8P5vgez4noAAAQphVeugg&amp;ie=UTF8&amp;source=embed&amp;output=svembed&amp;cbp=13%2C59.85%2C%2C0%2C0\" name=\"virtual-tour\" width=\"100%\" height=\"500\" frameborder=\"0\"><\/iframe><\/p>\n<nav class=\"nav-virtual-tour\">\n<ul>\n<li><a class=\"btn btn-primary\" href=\"https:\/\/maps.google.com\/maps?layer=c&amp;panoid=MDq_R9gj2lRJUdmxjmo10A&amp;ie=UTF8&amp;source=embed&amp;output=svembed&amp;cbp=13%2C112.6%2C%2C0%2C0\" target=\"virtual-tour\">Ext\u00e9rieur<\/a><\/li>\n<li><a class=\"btn btn-primary\" href=\"https:\/\/maps.google.com\/maps?layer=c&amp;panoid=s8P5vgez4noAAAQphVeugg&amp;ie=UTF8&amp;source=embed&amp;output=svembed&amp;cbp=13%2C59.85%2C%2C0%2C0\" target=\"virtual-tour\">Hall<\/a><\/li>\n<li><a class=\"btn btn-primary\" href=\"https:\/\/maps.google.com\/maps?layer=c&amp;panoid=Enxf4TLh9XEAAAQphVhSSA&amp;ie=UTF8&amp;source=embed&amp;output=svembed&amp;cbp=13%2C304%2C%2C0%2C0\" target=\"virtual-tour\">Spa<\/a><\/li>\n<li><a class=\"btn btn-primary\" href=\"https:\/\/maps.google.com\/maps?layer=c&amp;panoid=WEv0Xmyl7P4AAAQphVcHnQ&amp;ie=UTF8&amp;source=embed&amp;output=svembed&amp;cbp=13%2C173%2C%2C0%2C0\" target=\"virtual-tour\">Piscine<\/a><\/li>\n<li><a class=\"btn btn-primary\" href=\"https:\/\/maps.google.com\/maps?layer=c&amp;panoid=SpPpql4y7jcAAAQphVjjMg&amp;ie=UTF8&amp;source=embed&amp;output=svembed&amp;cbp=13%2C283%2C%2C0%2C0\" target=\"virtual-tour\">American Bar<\/a><\/li>\n<li><a class=\"btn btn-primary\" href=\"https:\/\/maps.google.com\/maps?layer=c&amp;panoid=tWXjo0NAKiMAAAQphVc2tw&amp;ie=UTF8&amp;source=embed&amp;output=svembed&amp;cbp=13%2C89%2C%2C0%2C0\" target=\"virtual-tour\">Restaurant<\/a><\/li>\n<li><a class=\"btn btn-primary\" href=\"https:\/\/maps.google.com\/maps?layer=c&amp;panoid=mwbgm7Rji-MAAAQphVcHmg&amp;ie=UTF8&amp;source=embed&amp;output=svembed&amp;cbp=13%2C73%2C%2C0%2C0\" target=\"virtual-tour\">Suite<\/a><\/li>\n<li><a class=\"btn btn-primary\" href=\"https:\/\/maps.google.com\/maps?layer=c&amp;panoid=wNEZETsInkgAAAQphVhSRg&amp;ie=UTF8&amp;source=embed&amp;output=svembed&amp;cbp=13%2C98%2C%2C0%2C0\" target=\"virtual-tour\">Chambre de luxe<\/a><\/li>\n<li><a class=\"btn btn-primary\" href=\"https:\/\/maps.google.com\/maps?layer=c&amp;panoid=Y43vsgGbKSIAAAQphVeueA&amp;ie=UTF8&amp;source=embed&amp;output=svembed&amp;cbp=13%2C287%2C%2C0%2C0\" target=\"virtual-tour\">Chambre sup\u00e9rieure<\/a><\/li>\n<li><a class=\"btn btn-primary\" href=\"https:\/\/maps.google.com\/maps?layer=c&amp;panoid=K6u1KD8vhkcAAAQphVeuiQ&amp;ie=UTF8&amp;source=embed&amp;output=svembed&amp;cbp=13%2C189%2C%2C0%2C0\" target=\"virtual-tour\">Salle Sirio<\/a><\/li>\n<li><a class=\"btn btn-primary\" href=\"https:\/\/maps.google.com\/maps?layer=c&amp;panoid=qVXEvKc2GDIAAAQphVjjNA&amp;ie=UTF8&amp;source=embed&amp;output=svembed&amp;cbp=13%2C357%2C%2C0%2C0\" target=\"virtual-tour\">Salle Andromeda<\/a><\/li>\n<\/ul>\n<\/nav>\n","protected":false},"excerpt":{"rendered":"<p>Vous pouvez explorer l'Atlantique avec la visite virtuelle de l'h\u00f4tel: d\u00e9couvrir la principale de l'Atlantique , de la r\u00e9ception au restaurant, la nouvelle plate-forme Spa Piscine Atlantjde, puis dans les chambres et suites. Ext\u00e9rieur Hall Spa Piscine American Bar Restaurant Suite Chambre de luxe Chambre sup\u00e9rieure Salle Sirio Salle Andromeda<\/p>\n","protected":false},"author":4719,"featured_media":914,"parent":0,"menu_order":0,"comment_status":"closed","ping_status":"closed","template":"","meta":{"_expiration-date-status":"saved","_expiration-date":0,"_expiration-date-type":"","_expiration-date-categories":[],"_expiration-date-options":[]},"acf":[],"_links":{"self":[{"href":"https:\/\/hotel-atlantic.clienti7.editatest.com\/fr\/wp-json\/wp\/v2\/pages\/9616"}],"collection":[{"href":"https:\/\/hotel-atlantic.clienti7.editatest.com\/fr\/wp-json\/wp\/v2\/pages"}],"about":[{"href":"https:\/\/hotel-atlantic.clienti7.editatest.com\/fr\/wp-json\/wp\/v2\/types\/page"}],"author":[{"embeddable":true,"href":"https:\/\/hotel-atlantic.clienti7.editatest.com\/fr\/wp-json\/wp\/v2\/users\/4719"}],"replies":[{"embeddable":true,"href":"https:\/\/hotel-atlantic.clienti7.editatest.com\/fr\/wp-json\/wp\/v2\/comments?post=9616"}],"version-history":[{"count":0,"href":"https:\/\/hotel-atlantic.clienti7.editatest.com\/fr\/wp-json\/wp\/v2\/pages\/9616\/revisions"}],"wp:featuredmedia":[{"embeddable":true,"href":"https:\/\/hotel-atlantic.clienti7.editatest.com\/fr\/wp-json\/wp\/v2\/media\/914"}],"wp:attachment":[{"href":"https:\/\/hotel-atlantic.clienti7.editatest.com\/fr\/wp-json\/wp\/v2\/media?parent=9616"}],"curies":[{"name":"wp","href":"https:\/\/api.w.org\/{rel}","templated":true}]}}