
{"id":1063,"date":"2013-09-05T10:50:42","date_gmt":"2013-09-05T10:50:42","guid":{"rendered":"http:\/\/atlantic.marcovolpe.com\/?page_id=1063"},"modified":"2018-11-27T12:52:05","modified_gmt":"2018-11-27T11:52:05","slug":"kak-k-nam-dobratsya","status":"publish","type":"page","link":"https:\/\/hotel-atlantic.clienti7.editatest.com\/ru\/prevoshodnoe-mestoraspolozhenie\/kak-k-nam-dobratsya.html","title":{"rendered":"\u043a\u0430\u043a \u043a \u043d\u0430\u043c \u0434\u043e\u0431\u0440\u0430\u0442\u044c\u0441\u044f"},"content":{"rendered":"<p class=\"lead\" class=\"lead\"><iframe loading=\"lazy\" src=\"https:\/\/maps.google.com\/maps?f=d&amp;source=s_d&amp;saddr=Strada+sconosciuta&amp;daddr=Atlantic+Hotel,+Riccione,+RN,+Italia&amp;hl=it&amp;geocode=Fe8ynwIdiuTAAA%3BFU92nwIdnSfBACFYAIl1gt4oUSm1WAV0cN0sEzFYAIl1gt4oUQ&amp;aq=0&amp;oq=atlan&amp;sll=43.998058,12.651276&amp;sspn=0.027136,0.066047&amp;mra=dme&amp;mrsp=0&amp;sz=15&amp;ie=UTF8&amp;ll=43.998058,12.651276&amp;spn=0.027136,0.066047&amp;t=m&amp;output=embed\" width=\"700\" height=\"450\" frameborder=\"0\" marginwidth=\"0\" marginheight=\"0\" scrolling=\"no\"><\/iframe><\/p>\n<p><a style=\"color: #0000ff; text-align: center;\" href=\"https:\/\/maps.google.com\/maps?f=d&amp;source=embed&amp;saddr=Strada+sconosciuta&amp;daddr=Atlantic+Hotel,+Riccione,+RN,+Italia&amp;hl=it&amp;geocode=Fe8ynwIdiuTAAA%3BFU92nwIdnSfBACFYAIl1gt4oUSm1WAV0cN0sEzFYAIl1gt4oUQ&amp;aq=0&amp;oq=atlan&amp;sll=43.998058,12.651276&amp;sspn=0.027136,0.066047&amp;mra=dme&amp;mrsp=0&amp;sz=15&amp;ie=UTF8&amp;ll=43.998058,12.651276&amp;spn=0.027136,0.066047&amp;t=m\">Suivez le chemin indiqu\u00e9 par la ligne bleue pour se rendre \u00e0 l'h\u00f4tel Atlantic depuis la sortie d'autoroute Riccione <\/a><\/p>\n<p><span style=\"font-family: 'trebuchet ms', geneva;\"><strong><span style=\"font-size: medium;\">\u041f\u0440\u043e\u043a\u0430\u0442 \u0430\u0432\u0442\u043e\u043c\u043e\u0431\u0438\u043b\u044f \u0438\u043b\u0438 \u043c\u0438\u043a\u0440\u043e\u0430\u0432\u0442\u043e\u0431\u0443\u0441\u0430 Executive \u0441 \u0432\u043e\u0434\u0438\u0442\u0435\u043b\u0435\u043c:<br \/>\n<span style=\"font-size: small;\"><br \/>\n<\/span><\/span><\/strong><span style=\"font-size: small;\"><a href=\"https:\/\/hotel-atlantic.clienti7.editatest.com\/wp-content\/uploads\/autista_3_300_180px.jpg\"><img loading=\"lazy\" class=\"alignleft size-full wp-image-1064\" style=\"margin: 7px;\" src=\"https:\/\/hotel-atlantic.clienti7.editatest.com\/wp-content\/uploads\/autista_3_300_180px.jpg\" alt=\"autista_3_300_180px\" width=\"300\" height=\"180\" \/><\/a>\u041c\u044b \u043c\u043e\u0436\u0435\u043c \u043e\u0440\u0433\u0430\u043d\u0438\u0437\u043e\u0432\u0430\u0442\u044c \u0434\u043b\u044f \u0432\u0430\u0441 \u0438\u043d\u0434\u0438\u0432\u0438\u0434\u0443\u0430\u043b\u044c\u043d\u044b\u0439 \u0442\u0440\u0430\u043d\u0441\u0444\u0435\u0440 \u0432 \u044d\u043b\u0435\u0433\u0430\u043d\u0442\u043d\u043e\u043c \u0430\u0432\u0442\u043e \u0441 \u043f\u0440\u043e\u0444\u0435\u0441\u0441\u0438\u043e\u043d\u0430\u043b\u044c\u043d\u044b\u043c \u0432\u043e\u0434\u0438\u0442\u0435\u043b\u0435\u043c \u0441 \u0446\u0435\u043b\u044c\u044e \u0441\u0434\u0435\u043b\u0430\u0442\u044c \u0432\u0430\u0448\u0435 \u043f\u0443\u0442\u0435\u0448\u0435\u0441\u0442\u0432\u0438\u0435 \u0432 \u043e\u0442\u0435\u043b\u044c Atlantic \u043f\u0440\u0438\u044f\u0442\u043d\u044b\u043c \u0438 \u0443\u0434\u043e\u0431\u043d\u044b\u043c. <\/span><\/span><\/p>\n<p><span style=\"font-family: 'trebuchet ms', geneva;\"><span style=\"font-size: small;\">\u0421\u0432\u044f\u0436\u0438\u0442\u0435\u0441\u044c \u0441 \u043d\u0430\u043c\u0438 \u043f\u043e \u0431\u0435\u0441\u043f\u043b\u0430\u0442\u043d\u043e\u043c\u0443 (\u043f\u043e \u0418\u0442\u0430\u043b\u0438\u0438) \u043c\u043d\u043e\u0433\u043e\u043a\u0430\u043d\u0430\u043b\u044c\u043d\u043e\u043c\u0443 \u0442\u0435\u043b\u0435\u0444\u043e\u043d\u0443 800.239065 \u0438\u043b\u0438 \u0436\u0435 \u043d\u0430\u043f\u0438\u0448\u0438\u0442\u0435 \u043d\u0430\u043c \u043d\u0430 \u0430\u0434\u0440\u0435\u0441<a href=\"mailto:%20reception@hotel-atlantic.com\"> reception@hotel-atlantic.com<\/a> \u0438 \u043c\u044b \u0431\u0443\u0434\u0435\u043c \u0440\u0430\u0434\u044b \u0443\u0434\u043e\u0432\u043b\u0435\u0442\u0432\u043e\u0440\u0438\u0442\u044c \u043b\u044e\u0431\u043e\u0439 \u0432\u0430\u0448 \u0437\u0430\u043f\u0440\u043e\u0441, \u043a\u0430\u0441\u0430\u044e\u0449\u0438\u0439\u0441\u044f \u0442\u0440\u0430\u043d\u0441\u0444\u0435\u0440\u0430 \u043d\u0430 \u0430\u0432\u0442\u043e\u043c\u043e\u0431\u0438\u043b\u0435 (\u0434\u043e 4-\u0445 \u0447\u0435\u043b\u043e\u0432\u0435\u043a) \u0438\u043b\u0438 \u0436\u0435 \u043d\u0430 \u043c\u0438\u043a\u0440\u043e\u0430\u0432\u0442\u043e\u0431\u0443\u0441\u0435 (\u0434\u043e 9-\u0442\u0438 \u0447\u0435\u043b\u043e\u0432\u0435\u043a).<\/span><\/span><\/p>\n<p>&nbsp;<\/p>\n<p class=\"stile1\" dir=\"ltr\"><span style=\"font-size: medium;\"><strong>\u0412\u044b\u043b\u0435\u0442 \u0438\u0437 \u041c\u043e\u0441\u043a\u0432\u044b \u0432 \u0430\u044d\u0440\u043e\u043f\u043e\u0440\u0442 \u0420\u0438\u043c\u0438\u043d\u0438 \u0430\u044d\u0440\u043e\u043f\u043e\u0440\u0442<\/strong><\/span><\/p>\n<p><strong><a href=\"https:\/\/hotel-atlantic.clienti7.editatest.com\/wp-content\/uploads\/aeroflot.jpg\"><img loading=\"lazy\" class=\"alignleft size-full wp-image-1065\" style=\"margin: 7px;\" src=\"https:\/\/hotel-atlantic.clienti7.editatest.com\/wp-content\/uploads\/aeroflot.jpg\" alt=\"aeroflot\" width=\"520\" height=\"300\" \/><\/a>\u0412\u044b\u043b\u0435\u0442 \u0438\u0437 \u041c\u043e\u0441\u043a\u0432\u044b \u0432 \u0430\u044d\u0440\u043e\u043f\u043e\u0440\u0442 \u0420\u0438\u043c\u0438\u043d\u0438 \u0430\u044d\u0440\u043e\u043f\u043e\u0440\u0442 (5 \u043a\u043c \u043e\u0442 Hotel Atlantic \u0432 \u0420\u0438\u0447\u0447\u043e\u043d\u0435)<\/strong><\/p>\n<p class=\"stile1\"><strong><a href=\"http:\/\/www.riminiairport.com\/ru\">http:\/\/www.riminiairport.com\/ru<\/a><\/strong><\/p>\n<p class=\"stile1\">\u0421\u0432\u044f\u0436\u0438\u0442\u0435\u0441\u044c \u0441 \u043d\u0430\u043c\u0438 \u043f\u043e +39 0541 601155<br \/>\n\u0438\u043b\u0438 \u043f\u0438\u0448\u0438\u0442\u0435 \u043d\u0430\u043c \u043d\u0430 reception@hotel-atlantic.com,<br \/>\n\u0438 \u043c\u044b \u0431\u0443\u0434\u0435\u043c \u0440\u0430\u0434\u044b \u043d\u0430\u0437\u043d\u0430\u0447\u0438\u0442\u044c \u0442\u0440\u0430\u043d\u0441\u0444\u0435\u0440 \u0438\u0437 \u0430\u044d\u0440\u043e\u043f\u043e\u0440\u0442\u0430.<\/p>\n","protected":false},"excerpt":{"rendered":"<p>Suivez le chemin indiqu\u00e9 par la ligne bleue pour se rendre \u00e0 l'h\u00f4tel Atlantic depuis la sortie d'autoroute Riccione \u041f\u0440\u043e\u043a\u0430\u0442 \u0430\u0432\u0442\u043e\u043c\u043e\u0431\u0438\u043b\u044f \u0438\u043b\u0438 \u043c\u0438\u043a\u0440\u043e\u0430\u0432\u0442\u043e\u0431\u0443\u0441\u0430 Executive \u0441 \u0432\u043e\u0434\u0438\u0442\u0435\u043b\u0435\u043c: \u041c\u044b \u043c\u043e\u0436\u0435\u043c \u043e\u0440\u0433\u0430\u043d\u0438\u0437\u043e\u0432\u0430\u0442\u044c \u0434\u043b\u044f \u0432\u0430\u0441 \u0438\u043d\u0434\u0438\u0432\u0438\u0434\u0443\u0430\u043b\u044c\u043d\u044b\u0439 \u0442\u0440\u0430\u043d\u0441\u0444\u0435\u0440 \u0432 \u044d\u043b\u0435\u0433\u0430\u043d\u0442\u043d\u043e\u043c \u0430\u0432\u0442\u043e \u0441 \u043f\u0440\u043e\u0444\u0435\u0441\u0441\u0438\u043e\u043d\u0430\u043b\u044c\u043d\u044b\u043c \u0432\u043e\u0434\u0438\u0442\u0435\u043b\u0435\u043c \u0441 \u0446\u0435\u043b\u044c\u044e \u0441\u0434\u0435\u043b\u0430\u0442\u044c \u0432\u0430\u0448\u0435 \u043f\u0443\u0442\u0435\u0448\u0435\u0441\u0442\u0432\u0438\u0435 \u0432 \u043e\u0442\u0435\u043b\u044c Atlantic \u043f\u0440\u0438\u044f\u0442\u043d\u044b\u043c \u0438 \u0443\u0434\u043e\u0431\u043d\u044b\u043c. \u0421\u0432\u044f\u0436\u0438\u0442\u0435\u0441\u044c \u0441 \u043d\u0430\u043c\u0438 \u043f\u043e \u0431\u0435\u0441\u043f\u043b\u0430\u0442\u043d\u043e\u043c\u0443...  <a href=\"https:\/\/hotel-atlantic.clienti7.editatest.com\/ru\/prevoshodnoe-mestoraspolozhenie\/kak-k-nam-dobratsya.html\" class=\"more-link\" title=\"Read \u043a\u0430\u043a \u043a \u043d\u0430\u043c \u0434\u043e\u0431\u0440\u0430\u0442\u044c\u0441\u044f\">Read more &raquo;<\/a><\/p>\n","protected":false},"author":4719,"featured_media":0,"parent":992,"menu_order":0,"comment_status":"open","ping_status":"open","template":"","meta":{"_expiration-date-status":"saved","_expiration-date":0,"_expiration-date-type":"","_expiration-date-categories":[],"_expiration-date-options":[]},"acf":[],"_links":{"self":[{"href":"https:\/\/hotel-atlantic.clienti7.editatest.com\/ru\/wp-json\/wp\/v2\/pages\/1063"}],"collection":[{"href":"https:\/\/hotel-atlantic.clienti7.editatest.com\/ru\/wp-json\/wp\/v2\/pages"}],"about":[{"href":"https:\/\/hotel-atlantic.clienti7.editatest.com\/ru\/wp-json\/wp\/v2\/types\/page"}],"author":[{"embeddable":true,"href":"https:\/\/hotel-atlantic.clienti7.editatest.com\/ru\/wp-json\/wp\/v2\/users\/4719"}],"replies":[{"embeddable":true,"href":"https:\/\/hotel-atlantic.clienti7.editatest.com\/ru\/wp-json\/wp\/v2\/comments?post=1063"}],"version-history":[{"count":0,"href":"https:\/\/hotel-atlantic.clienti7.editatest.com\/ru\/wp-json\/wp\/v2\/pages\/1063\/revisions"}],"up":[{"embeddable":true,"href":"https:\/\/hotel-atlantic.clienti7.editatest.com\/ru\/wp-json\/wp\/v2\/pages\/992"}],"wp:attachment":[{"href":"https:\/\/hotel-atlantic.clienti7.editatest.com\/ru\/wp-json\/wp\/v2\/media?parent=1063"}],"curies":[{"name":"wp","href":"https:\/\/api.w.org\/{rel}","templated":true}]}}